{"id":27,"date":"2022-11-25T08:22:51","date_gmt":"2022-11-25T08:22:51","guid":{"rendered":"http:\/\/hccc.org\/?page_id=27"},"modified":"2025-02-17T05:57:24","modified_gmt":"2025-02-17T10:57:24","slug":"szervezeteink","status":"publish","type":"page","link":"https:\/\/hccc.org\/hu\/szervezeteink\/","title":{"rendered":"Szervezeteink"},"content":{"rendered":"\t\t<div data-elementor-type=\"wp-page\" data-elementor-id=\"27\" class=\"elementor elementor-27\" data-elementor-post-type=\"page\">\n\t\t\t\t\t\t<section class=\"elementor-section elementor-top-section elementor-element elementor-element-aa9b3b1 elementor-section-boxed elementor-section-height-default elementor-section-height-default\" data-id=\"aa9b3b1\" data-element_type=\"section\" data-settings=\"{&quot;background_background&quot;:&quot;classic&quot;}\">\n\t\t\t\t\t\t<div class=\"elementor-container elementor-column-gap-default\">\n\t\t\t\t\t<div class=\"elementor-column elementor-col-100 elementor-top-column elementor-element elementor-element-b647fb6\" data-id=\"b647fb6\" data-element_type=\"column\">\n\t\t\t<div class=\"elementor-widget-wrap elementor-element-populated\">\n\t\t\t\t\t\t<div class=\"elementor-element elementor-element-e9ef10d elementor-widget elementor-widget-heading\" data-id=\"e9ef10d\" data-element_type=\"widget\" data-widget_type=\"heading.default\">\n\t\t\t\t<div class=\"elementor-widget-container\">\n\t\t\t\t\t<h1 class=\"elementor-heading-title elementor-size-default\">SZERVEZETEINK<\/h1>\t\t\t\t<\/div>\n\t\t\t\t<\/div>\n\t\t\t\t\t<\/div>\n\t\t<\/div>\n\t\t\t\t\t<\/div>\n\t\t<\/section>\n\t\t\t\t<section class=\"elementor-section elementor-top-section elementor-element elementor-element-acc2b7e elementor-section-boxed elementor-section-height-default elementor-section-height-default\" data-id=\"acc2b7e\" data-element_type=\"section\">\n\t\t\t\t\t\t<div class=\"elementor-container elementor-column-gap-default\">\n\t\t\t\t\t<div class=\"elementor-column elementor-col-50 elementor-top-column elementor-element elementor-element-2e356bb\" data-id=\"2e356bb\" data-element_type=\"column\">\n\t\t\t<div class=\"elementor-widget-wrap elementor-element-populated\">\n\t\t\t\t\t\t<div class=\"elementor-element elementor-element-b7af79c elementor-widget elementor-widget-heading\" data-id=\"b7af79c\" data-element_type=\"widget\" data-widget_type=\"heading.default\">\n\t\t\t\t<div class=\"elementor-widget-container\">\n\t\t\t\t\t<h2 class=\"elementor-heading-title elementor-size-default\">Arany J\u00e1nos Magyar Iskola<\/h2>\t\t\t\t<\/div>\n\t\t\t\t<\/div>\n\t\t\t\t<div class=\"elementor-element elementor-element-f65291d elementor-widget elementor-widget-text-editor\" data-id=\"f65291d\" data-element_type=\"widget\" data-widget_type=\"text-editor.default\">\n\t\t\t\t<div class=\"elementor-widget-container\">\n\t\t\t\t\t\t\t\t\t<div id=\"comp-jpui4nam\" class=\"_1Q9if _3bcaz\" data-testid=\"richTextElement\"><p class=\"font_7\"><span class=\"color_22\">Az 1975 \u00f3ta fenn\u00e1ll\u00f3 h\u00e9tv\u00e9gi iskola szeptemberto\u030bl j\u00fanius k\u00f6zep\u00e9ig minden szombaton f\u00e9l t\u00edzto\u030bl d.u. 1 \u00f3r\u00e1ig v\u00e1rja a beiratkozott di\u00e1kokat elso\u030bto\u030bl nyolcadik oszt\u00e1lyig, valamint az \u00f3vod\u00e1s kor\u00fa gyerekeket 3 \u00e9ves kort\u00f3l. A legkisebbeknek Cirogat\u00f3 n\u00e9ven tartanak baba-mama foglalkoz\u00e1st 2018. janu\u00e1rja \u00f3ta.<\/span><\/p><p class=\"font_7\"><span style=\"font-size: inherit;\">A k\u00e9pzett tan\u00e1rok \u00e9s tan\u00edt\u00f3k \u00edr\u00e1st, olvas\u00e1st, magyar irodalmat, t\u00f6rt\u00e9nelmet, f\u00f6ldrajzot \u00e9s fizik\u00e1t oktatnak az oszt\u00e1lyokban, ezenk\u00edv\u00fcl az itt tanul\u00f3 gyerekek megismerkedhetnek a n\u00e9pi j\u00e1t\u00e9kokkal, n\u00e9pszok\u00e1sokkal, n\u00e9pmes\u00e9kkel \u00e9s n\u00e9pdalokkal is. <\/span><span style=\"font-size: inherit;\">Az oktat\u00e1s mellett az iskola sz\u00e1mos programot szervez a di\u00e1kok sz\u00e1m\u00e1ra, ilyen a kar\u00e1csonyi \u00fcnneps\u00e9g, a farsangi d\u00e9lut\u00e1n, a h\u00fasv\u00e9ti \u00fcnnep\u00e9ly, a szaval\u00f3verseny \u00e9s az \u00e9vz\u00e1r\u00f3 \u00fcnnep\u00e9ly. A magyar iskola c\u00e9lja, hogy elo\u030bseg\u00edtse a gyermekek \u00e9s sz\u00fclo\u030bk j\u00f3 kapcsolat\u00e1t, egym\u00e1s meg\u00e9rt\u00e9s\u00e9t, valamint, hogy megismertesse a Kanad\u00e1ban feln\u00f6vo\u030b magyar gyerekekkel hagyom\u00e1nyainkat \u00e9s \u00e9rt\u00e9keinket, hogy k\u00e9so\u030bbb \u00f6ntudatos, sz\u00e1rmaz\u00e1sukra b\u00fcszke fiatalokk\u00e1 <\/span><span style=\"font-size: inherit;\">v\u00e1lhassanak, mego\u030brizve magyar identit\u00e1sukat.<\/span><\/p><\/div>\t\t\t\t\t\t\t\t<\/div>\n\t\t\t\t<\/div>\n\t\t\t\t\t<\/div>\n\t\t<\/div>\n\t\t\t\t<div class=\"elementor-column elementor-col-50 elementor-top-column elementor-element elementor-element-db53e1e\" data-id=\"db53e1e\" data-element_type=\"column\">\n\t\t\t<div class=\"elementor-widget-wrap elementor-element-populated\">\n\t\t\t\t\t\t<div class=\"elementor-element elementor-element-c23bee9 elementor-widget elementor-widget-image\" data-id=\"c23bee9\" data-element_type=\"widget\" data-widget_type=\"image.default\">\n\t\t\t\t<div class=\"elementor-widget-container\">\n\t\t\t\t\t\t\t\t\t\t\t\t\t\t\t<img fetchpriority=\"high\" decoding=\"async\" width=\"900\" height=\"600\" src=\"https:\/\/hccc.org\/wp-content\/uploads\/2022\/11\/elet-az-iskolaban-5.jpg\" class=\"attachment-large size-large wp-image-153\" alt=\"\" srcset=\"https:\/\/hccc.org\/wp-content\/uploads\/2022\/11\/elet-az-iskolaban-5.jpg 1024w, https:\/\/hccc.org\/wp-content\/uploads\/2022\/11\/elet-az-iskolaban-5-300x200.jpg 300w, https:\/\/hccc.org\/wp-content\/uploads\/2022\/11\/elet-az-iskolaban-5-768x512.jpg 768w, https:\/\/hccc.org\/wp-content\/uploads\/2022\/11\/elet-az-iskolaban-5-391x260.jpg 391w\" sizes=\"(max-width: 900px) 100vw, 900px\" \/>\t\t\t\t\t\t\t\t\t\t\t\t\t\t\t<\/div>\n\t\t\t\t<\/div>\n\t\t\t\t\t<\/div>\n\t\t<\/div>\n\t\t\t\t\t<\/div>\n\t\t<\/section>\n\t\t\t\t<section class=\"elementor-section elementor-top-section elementor-element elementor-element-de1fa4c elementor-reverse-tablet elementor-reverse-mobile elementor-section-boxed elementor-section-height-default elementor-section-height-default\" data-id=\"de1fa4c\" data-element_type=\"section\" data-settings=\"{&quot;background_background&quot;:&quot;classic&quot;}\">\n\t\t\t\t\t\t<div class=\"elementor-container elementor-column-gap-default\">\n\t\t\t\t\t<div class=\"elementor-column elementor-col-50 elementor-top-column elementor-element elementor-element-3214943 elementor-hidden-tablet elementor-hidden-mobile\" data-id=\"3214943\" data-element_type=\"column\">\n\t\t\t<div class=\"elementor-widget-wrap elementor-element-populated\">\n\t\t\t\t\t\t<div class=\"elementor-element elementor-element-1cf0854 elementor-widget elementor-widget-image\" data-id=\"1cf0854\" data-element_type=\"widget\" data-widget_type=\"image.default\">\n\t\t\t\t<div class=\"elementor-widget-container\">\n\t\t\t\t\t\t\t\t\t\t\t\t\t\t\t<img decoding=\"async\" width=\"758\" height=\"1024\" src=\"https:\/\/hccc.org\/wp-content\/uploads\/2022\/11\/magyar-kozosseg-kanada-758x1024.jpg\" class=\"attachment-large size-large wp-image-74\" alt=\"\" srcset=\"https:\/\/hccc.org\/wp-content\/uploads\/2022\/11\/magyar-kozosseg-kanada-758x1024.jpg 758w, https:\/\/hccc.org\/wp-content\/uploads\/2022\/11\/magyar-kozosseg-kanada-222x300.jpg 222w, https:\/\/hccc.org\/wp-content\/uploads\/2022\/11\/magyar-kozosseg-kanada-768x1038.jpg 768w, https:\/\/hccc.org\/wp-content\/uploads\/2022\/11\/magyar-kozosseg-kanada.jpg 800w\" sizes=\"(max-width: 758px) 100vw, 758px\" \/>\t\t\t\t\t\t\t\t\t\t\t\t\t\t\t<\/div>\n\t\t\t\t<\/div>\n\t\t\t\t\t<\/div>\n\t\t<\/div>\n\t\t\t\t<div class=\"elementor-column elementor-col-50 elementor-top-column elementor-element elementor-element-b265fd5\" data-id=\"b265fd5\" data-element_type=\"column\" data-settings=\"{&quot;background_background&quot;:&quot;classic&quot;}\">\n\t\t\t<div class=\"elementor-widget-wrap elementor-element-populated\">\n\t\t\t\t\t\t<div class=\"elementor-element elementor-element-30f9c0c elementor-widget elementor-widget-heading\" data-id=\"30f9c0c\" data-element_type=\"widget\" data-widget_type=\"heading.default\">\n\t\t\t\t<div class=\"elementor-widget-container\">\n\t\t\t\t\t<h2 class=\"elementor-heading-title elementor-size-default\">Magyar H\u00e1z K\u00f6nyvt\u00e1ra<\/h2>\t\t\t\t<\/div>\n\t\t\t\t<\/div>\n\t\t\t\t<div class=\"elementor-element elementor-element-e4a40e4 elementor-widget elementor-widget-text-editor\" data-id=\"e4a40e4\" data-element_type=\"widget\" data-widget_type=\"text-editor.default\">\n\t\t\t\t<div class=\"elementor-widget-container\">\n\t\t\t\t\t\t\t\t\t<div id=\"comp-jpuijc9f\" class=\"_1Q9if _3bcaz\" data-testid=\"richTextElement\"><span style=\"font-size: inherit;\">A r\u00e9gi Magyar H\u00e1z bez\u00e1r\u00e1s\u00e1t k\u00f6veto\u030ben \u00e9vek \u00f3ta nem volt a toront\u00f3i magyar k\u00f6z\u00f6ss\u00e9gnek olyan k\u00f6nyvt\u00e1ra, mely a r\u00e9gi k\u00f6nyvt\u00e1r hely\u00e9be l\u00e9phetett volna. Az \u00faj Magyar H\u00e1z 2015-\u00f6s megnyit\u00e1s\u00e1t k\u00f6veto\u030ben a d\u00edszterem mellett, a m\u00fazeumi sarokkal szemben kijel\u00f6ltek egy k\u00f6nyvt\u00e1rszob\u00e1t, mely arra v\u00e1rt, hogy megt\u00f6lts\u00e9k a magyar nyelvu\u030b k\u00f6nyvek. A t\u00e9mak\u00f6r\u00f6k \u00e9s mu\u030bfaj szerinti csoportos\u00edt\u00e1st k\u00e9t Ko\u030br\u00f6si Csoma \u00f6szt\u00f6nd\u00edjas seg\u00edts\u00e9g\u00e9vel kezdte meg a K\u00f6nyvt\u00e1r kurat\u00f3riuma \u00e9s k\u00f6nyvt\u00e1rosa 2015-2016- ban. 2017 o\u030bsz\u00e9n Kacs\u00f3 Erika, a k\u00f6nyvt\u00e1r kurat\u00f3rium\u00e1nak akkori vezet\u0151je, Cset\u0151 Mariann k\u00f6nyvt\u00e1ros \u00e9s Papp Csilla K\u0151r\u00f6si Csoma \u00f6szt\u00f6nd\u00edjas fejezte be a megkezdett munk\u00e1t. Novemberre a 6000 p\u00e9ld\u00e1nyos k\u00f6nyvt\u00e1rban minden k\u00f6nyv a polcokra ker\u00fclt, \u00edgy november 19-\u00e9n a K\u00f6sz\u00f6no\u030b Tageb\u00e9d alkalm\u00e1val \u00fcnnep\u00e9lyes keretek k\u00f6z\u00f6tt megny\u00edlhatott a k\u00f6nyvt\u00e1r az olvas\u00f3k\u00f6z\u00f6ns\u00e9g elo\u030btt.<\/span><\/div><div data-testid=\"richTextElement\">\u00a0<\/div><div class=\"_1Q9if _3bcaz\" data-testid=\"richTextElement\"><span style=\"font-size: inherit;\">Jelenleg a k\u00f6nyvt\u00e1r m\u00e9g online katalogiz\u00e1l\u00e1s alatt \u00e1ll, mely jelento\u030bs mennyis\u00e9gu\u030b munk\u00e1t jelent a k\u00f6nyvt\u00e1r v\u00e9gleges elk\u00e9sz\u00fclt\u00e9ig, de az online rendszerez\u00e9s alatt is leheto\u030bs\u00e9g\u00fck van a Magyar H\u00e1z tagjai sz\u00e1m\u00e1ra, hogy nyitvatart\u00e1si ido\u030bben k\u00f6nyvet olvassanak vagy ak\u00e1r k\u00f6nyvet k\u00f6lcs\u00f6n\u00f6zzenek a k\u00e9sz\u00fclo\u030b k\u00f6nyvt\u00e1rb\u00f3l. A nyitva tart\u00e1s jelenleg heti k\u00e9t napot jelent, cs\u00fct\u00f6rt\u00f6k d\u00e9lut\u00e1n, valamint szombat d\u00e9lelo\u030btt tudnak az \u00e9rdeklo\u030bd\u00f6k k\u00f6nyvet olvasni vagy k\u00f6lcs\u00f6n\u00f6zni. A Magyar H\u00e1z tagjai sz\u00e1m\u00e1ra a k\u00f6nyvt\u00e1r ingyenesen l\u00e1togathat\u00f3 \u00e9s k\u00f6lcs\u00f6n\u00f6zheto\u030b, m\u00edg nem Magyar h\u00e1zi tagoknak 30 doll\u00e1r az \u00e9ves tags\u00e1gi d\u00edj. A kiv\u00e1ltott olvas\u00f3jeggyel h\u00e1rom h\u00e9tig lehet egy-egy k\u00f6nyvet k\u00f6lcs\u00f6n\u00f6zni, mely meghosszabb\u00edthat\u00f3.<\/span><\/div><div data-testid=\"richTextElement\">\u00a0<\/div><div class=\"_1Q9if _3bcaz\" data-testid=\"richTextElement\"><span style=\"font-size: inherit;\">A k\u00f6nyvt\u00e1r \u00e1llom\u00e1nya f\u00f3kusz\u00e1l a sz\u00e9pirodalom klasszikusaira, \u00edgy megtal\u00e1lhat\u00f3 benne az epika, l\u00edra, dr\u00e1ma. Ezenk\u00edv\u00fcl a\u00a0t\u00f6rt\u00e9nettudom\u00e1ny, irodalomt\u00f6rt\u00e9net, n\u00e9prajz, vall\u00e1studom\u00e1ny \u00e9s mu\u030bv\u00e9szett\u00f6rt\u00e9net alapk\u00f6nyvei is fellelhet\u0151k benne. Kiemelt figyelmet ford\u00edtottunk az emigr\u00e1ci\u00f3s irodalom \u00f6sszegyu\u030bjt\u00e9s\u00e9re \u00e9s helyet kaptak angol nyelvu\u030b, Magyarorsz\u00e1ggal foglalkoz\u00f3 k\u00f6nyvek is. Foly\u00f3iratok, \u00e9vk\u00f6nyvek is gazdag\u00edtj\u00e1k a reperto\u00e1rt. Ezenk\u00edv\u00fcl figyelt\u00fcnk arra, hogy a gyerekek is megtal\u00e1lhass\u00e1k a sz\u00e1mukra \u00e9rdekes olvasm\u00e1nyokat a gyermek \u00e9s ifj\u00fas\u00e1gi irodalom r\u00e9szlegben. Fontosnak tartjuk, hogy az anyaorsz\u00e1gban napjainkban megjeleno\u030b k\u00f6nyvek is helyet kapjanak a polcokon, \u00edgy akik magyar inyenc falatokra v\u00e1gynak szak\u00e1csk\u00f6nyveket b\u00f6ng\u00e9szhetnek, m\u00edg a sportkedvelo\u030bk megtal\u00e1lj\u00e1k a magyar labdar\u00fag\u00e1s \u00e9s sportt\u00f6rt\u00e9net nevesebb k\u00f6nyveit is. A vitrines szekr\u00e9nyekben kaptak helyett a leg\u00e9rt\u00e9kesebb k\u00f6nyvek, melyek nem k\u00f6lcs\u00f6n\u00f6zheto\u030bk, csak helyben olvashat\u00f3k.<\/span><\/div>\t\t\t\t\t\t\t\t<\/div>\n\t\t\t\t<\/div>\n\t\t\t\t\t<\/div>\n\t\t<\/div>\n\t\t\t\t\t<\/div>\n\t\t<\/section>\n\t\t\t\t<section class=\"elementor-section elementor-top-section elementor-element elementor-element-5a4364e elementor-reverse-tablet elementor-reverse-mobile elementor-section-boxed elementor-section-height-default elementor-section-height-default\" data-id=\"5a4364e\" data-element_type=\"section\">\n\t\t\t\t\t\t<div class=\"elementor-container elementor-column-gap-default\">\n\t\t\t\t\t<div class=\"elementor-column elementor-col-50 elementor-top-column elementor-element elementor-element-ba26d9d\" data-id=\"ba26d9d\" data-element_type=\"column\">\n\t\t\t<div class=\"elementor-widget-wrap elementor-element-populated\">\n\t\t\t\t\t\t<div class=\"elementor-element elementor-element-71806e7 elementor-widget elementor-widget-heading\" data-id=\"71806e7\" data-element_type=\"widget\" data-widget_type=\"heading.default\">\n\t\t\t\t<div class=\"elementor-widget-container\">\n\t\t\t\t\t<h2 class=\"elementor-heading-title elementor-size-default\">Hangyaboly Sz\u00ednt\u00e1rsulat<\/h2>\t\t\t\t<\/div>\n\t\t\t\t<\/div>\n\t\t\t\t<div class=\"elementor-element elementor-element-153d56f elementor-widget elementor-widget-text-editor\" data-id=\"153d56f\" data-element_type=\"widget\" data-widget_type=\"text-editor.default\">\n\t\t\t\t<div class=\"elementor-widget-container\">\n\t\t\t\t\t\t\t\t\t<p>A Hangyaboly Toront\u00f3i Magyar Sz\u00ednj\u00e1tsz\u00f3csoport hi\u00e1nyp\u00f3tl\u00f3 kezdem\u00e9nyez\u00e9snek sz\u00e1m\u00edt. A c\u00e8l olyan sz\u00ednh\u00e1z l\u00e9trehoz\u00e0sa volt, ahol nemcsak a n\u00e9z\u0151k, de a sz\u00edn\u00e9szek is tanulhatnak valami \u00fajat, mik\u00f6zben j\u00e1tszanak, sz\u00f3rakoznak. Els\u0151sorban tan\u00edtani szeretn\u00e9nk, \u00e9s csak m\u00e1sodsorban sz\u00f3rakoztatani. \u00c9ppen ez\u00e9rt olyan sz\u00edndarabok lesznek \/ voltak meg\u00e1lmodva sz\u00ednpadra, amin nemcsak nevetni, s\u00edrni \u00e9s gondokodni lehet, de valami \u00fajat is tanulni.<br \/>Amat\u0151r sz\u00ednh\u00e1z l\u00e9v\u00e9n minden tagunk amat\u0151r, de mindenk\u00e9pp sz\u00edvvel-l\u00e9lekkel j\u00e1tszani v\u00e1gy\u00f3, nagyon is tehets\u00e9ges n\u0151k, f\u00e9rfiak, gyerekek. <br \/>Eddigi darabok:<\/p>\t\t\t\t\t\t\t\t<\/div>\n\t\t\t\t<\/div>\n\t\t\t\t<div class=\"elementor-element elementor-element-a397079 elementor-icon-list--layout-traditional elementor-list-item-link-full_width elementor-widget elementor-widget-icon-list\" data-id=\"a397079\" data-element_type=\"widget\" data-widget_type=\"icon-list.default\">\n\t\t\t\t<div class=\"elementor-widget-container\">\n\t\t\t\t\t\t\t<ul class=\"elementor-icon-list-items\">\n\t\t\t\t\t\t\t<li class=\"elementor-icon-list-item\">\n\t\t\t\t\t\t\t\t\t\t\t<span class=\"elementor-icon-list-icon\">\n\t\t\t\t\t\t\t<i aria-hidden=\"true\" class=\"fas fa-theater-masks\"><\/i>\t\t\t\t\t\t<\/span>\n\t\t\t\t\t\t\t\t\t\t<span class=\"elementor-icon-list-text\">Hangyaboly - Kafka Margit<\/span>\n\t\t\t\t\t\t\t\t\t<\/li>\n\t\t\t\t\t\t\t\t<li class=\"elementor-icon-list-item\">\n\t\t\t\t\t\t\t\t\t\t\t<span class=\"elementor-icon-list-icon\">\n\t\t\t\t\t\t\t<i aria-hidden=\"true\" class=\"fas fa-theater-masks\"><\/i>\t\t\t\t\t\t<\/span>\n\t\t\t\t\t\t\t\t\t\t<span class=\"elementor-icon-list-text\">A gyerty\u00e1k csonkig \u00e9gnek - M\u00e1rai S\u00e1ndor<\/span>\n\t\t\t\t\t\t\t\t\t<\/li>\n\t\t\t\t\t\t\t\t<li class=\"elementor-icon-list-item\">\n\t\t\t\t\t\t\t\t\t\t\t<span class=\"elementor-icon-list-icon\">\n\t\t\t\t\t\t\t<i aria-hidden=\"true\" class=\"fas fa-theater-masks\"><\/i>\t\t\t\t\t\t<\/span>\n\t\t\t\t\t\t\t\t\t\t<span class=\"elementor-icon-list-text\">T\u00f3t\u00e9k - \u00d6rk\u00e9ny Istv\u00e1n<\/span>\n\t\t\t\t\t\t\t\t\t<\/li>\n\t\t\t\t\t\t<\/ul>\n\t\t\t\t\t\t<\/div>\n\t\t\t\t<\/div>\n\t\t\t\t\t<\/div>\n\t\t<\/div>\n\t\t\t\t<div class=\"elementor-column elementor-col-50 elementor-top-column elementor-element elementor-element-88ddc22\" data-id=\"88ddc22\" data-element_type=\"column\">\n\t\t\t<div class=\"elementor-widget-wrap elementor-element-populated\">\n\t\t\t\t\t\t<div class=\"elementor-element elementor-element-8163524 elementor-widget elementor-widget-image\" data-id=\"8163524\" data-element_type=\"widget\" data-widget_type=\"image.default\">\n\t\t\t\t<div class=\"elementor-widget-container\">\n\t\t\t\t\t\t\t\t\t\t\t\t\t\t\t<img decoding=\"async\" width=\"800\" height=\"546\" src=\"https:\/\/hccc.org\/wp-content\/uploads\/2022\/12\/hangyaboly-tarsulat.jpg\" class=\"attachment-large size-large wp-image-361\" alt=\"\" srcset=\"https:\/\/hccc.org\/wp-content\/uploads\/2022\/12\/hangyaboly-tarsulat.jpg 800w, https:\/\/hccc.org\/wp-content\/uploads\/2022\/12\/hangyaboly-tarsulat-300x205.jpg 300w, https:\/\/hccc.org\/wp-content\/uploads\/2022\/12\/hangyaboly-tarsulat-768x524.jpg 768w, https:\/\/hccc.org\/wp-content\/uploads\/2022\/12\/hangyaboly-tarsulat-474x324.jpg 474w, https:\/\/hccc.org\/wp-content\/uploads\/2022\/12\/hangyaboly-tarsulat-18x12.jpg 18w\" sizes=\"(max-width: 800px) 100vw, 800px\" \/>\t\t\t\t\t\t\t\t\t\t\t\t\t\t\t<\/div>\n\t\t\t\t<\/div>\n\t\t\t\t\t<\/div>\n\t\t<\/div>\n\t\t\t\t\t<\/div>\n\t\t<\/section>\n\t\t\t\t<section class=\"elementor-section elementor-top-section elementor-element elementor-element-04173d2 elementor-section-boxed elementor-section-height-default elementor-section-height-default\" data-id=\"04173d2\" data-element_type=\"section\">\n\t\t\t\t\t\t<div class=\"elementor-container elementor-column-gap-default\">\n\t\t\t\t\t<div class=\"elementor-column elementor-col-100 elementor-top-column elementor-element elementor-element-ac8d119\" data-id=\"ac8d119\" data-element_type=\"column\">\n\t\t\t<div class=\"elementor-widget-wrap elementor-element-populated\">\n\t\t\t\t\t\t<div class=\"elementor-element elementor-element-904f016 elementor-widget elementor-widget-gallery\" data-id=\"904f016\" data-element_type=\"widget\" data-settings=\"{&quot;gallery_layout&quot;:&quot;justified&quot;,&quot;ideal_row_height&quot;:{&quot;unit&quot;:&quot;px&quot;,&quot;size&quot;:440,&quot;sizes&quot;:[]},&quot;gap&quot;:{&quot;unit&quot;:&quot;px&quot;,&quot;size&quot;:2,&quot;sizes&quot;:[]},&quot;ideal_row_height_tablet&quot;:{&quot;unit&quot;:&quot;px&quot;,&quot;size&quot;:215,&quot;sizes&quot;:[]},&quot;ideal_row_height_mobile&quot;:{&quot;unit&quot;:&quot;px&quot;,&quot;size&quot;:225,&quot;sizes&quot;:[]},&quot;gap_tablet&quot;:{&quot;unit&quot;:&quot;px&quot;,&quot;size&quot;:2,&quot;sizes&quot;:[]},&quot;gap_mobile&quot;:{&quot;unit&quot;:&quot;px&quot;,&quot;size&quot;:2,&quot;sizes&quot;:[]},&quot;lazyload&quot;:&quot;yes&quot;,&quot;link_to&quot;:&quot;file&quot;,&quot;overlay_background&quot;:&quot;yes&quot;,&quot;content_hover_animation&quot;:&quot;fade-in&quot;}\" data-widget_type=\"gallery.default\">\n\t\t\t\t<div class=\"elementor-widget-container\">\n\t\t\t\t\t\t\t<div class=\"elementor-gallery__container\">\n\t\t\t\t\t\t\t<a class=\"e-gallery-item elementor-gallery-item elementor-animated-content\" href=\"https:\/\/hccc.org\/wp-content\/uploads\/2022\/12\/hangyaboly-1.jpg\" data-elementor-open-lightbox=\"yes\" data-elementor-lightbox-slideshow=\"904f016\" data-e-action-hash=\"#elementor-action%3Aaction%3Dlightbox%26settings%3DeyJpZCI6MzY2LCJ1cmwiOiJodHRwczpcL1wvaGNjYy5vcmdcL3dwLWNvbnRlbnRcL3VwbG9hZHNcLzIwMjJcLzEyXC9oYW5neWFib2x5LTEuanBnIiwic2xpZGVzaG93IjoiOTA0ZjAxNiJ9\">\n\t\t\t\t\t<div class=\"e-gallery-image elementor-gallery-item__image\" data-thumbnail=\"https:\/\/hccc.org\/wp-content\/uploads\/2022\/12\/hangyaboly-1.jpg\" data-width=\"805\" data-height=\"587\" aria-label=\"\" role=\"img\" ><\/div>\n\t\t\t\t\t\t\t\t\t\t\t<div class=\"elementor-gallery-item__overlay\"><\/div>\n\t\t\t\t\t\t\t\t\t\t\t\t\t\t<\/a>\n\t\t\t\t\t\t\t<a class=\"e-gallery-item elementor-gallery-item elementor-animated-content\" href=\"https:\/\/hccc.org\/wp-content\/uploads\/2022\/12\/hangyaboly-2.jpg\" data-elementor-open-lightbox=\"yes\" data-elementor-lightbox-slideshow=\"904f016\" data-e-action-hash=\"#elementor-action%3Aaction%3Dlightbox%26settings%3DeyJpZCI6MzY1LCJ1cmwiOiJodHRwczpcL1wvaGNjYy5vcmdcL3dwLWNvbnRlbnRcL3VwbG9hZHNcLzIwMjJcLzEyXC9oYW5neWFib2x5LTIuanBnIiwic2xpZGVzaG93IjoiOTA0ZjAxNiJ9\">\n\t\t\t\t\t<div class=\"e-gallery-image elementor-gallery-item__image\" data-thumbnail=\"https:\/\/hccc.org\/wp-content\/uploads\/2022\/12\/hangyaboly-2.jpg\" data-width=\"1122\" data-height=\"698\" aria-label=\"\" role=\"img\" ><\/div>\n\t\t\t\t\t\t\t\t\t\t\t<div class=\"elementor-gallery-item__overlay\"><\/div>\n\t\t\t\t\t\t\t\t\t\t\t\t\t\t<\/a>\n\t\t\t\t\t\t\t<a class=\"e-gallery-item elementor-gallery-item elementor-animated-content\" href=\"https:\/\/hccc.org\/wp-content\/uploads\/2022\/12\/a-gyertyak-csonkig-egnek.png\" data-elementor-open-lightbox=\"yes\" data-elementor-lightbox-slideshow=\"904f016\" data-e-action-hash=\"#elementor-action%3Aaction%3Dlightbox%26settings%3DeyJpZCI6MzYyLCJ1cmwiOiJodHRwczpcL1wvaGNjYy5vcmdcL3dwLWNvbnRlbnRcL3VwbG9hZHNcLzIwMjJcLzEyXC9hLWd5ZXJ0eWFrLWNzb25raWctZWduZWsucG5nIiwic2xpZGVzaG93IjoiOTA0ZjAxNiJ9\">\n\t\t\t\t\t<div class=\"e-gallery-image elementor-gallery-item__image\" data-thumbnail=\"https:\/\/hccc.org\/wp-content\/uploads\/2022\/12\/a-gyertyak-csonkig-egnek.png\" data-width=\"827\" data-height=\"1274\" aria-label=\"\" role=\"img\" ><\/div>\n\t\t\t\t\t\t\t\t\t\t\t<div class=\"elementor-gallery-item__overlay\"><\/div>\n\t\t\t\t\t\t\t\t\t\t\t\t\t\t<\/a>\n\t\t\t\t\t\t\t<a class=\"e-gallery-item elementor-gallery-item elementor-animated-content\" href=\"https:\/\/hccc.org\/wp-content\/uploads\/2022\/12\/hangyaboly-3.jpg\" data-elementor-open-lightbox=\"yes\" data-elementor-lightbox-slideshow=\"904f016\" data-e-action-hash=\"#elementor-action%3Aaction%3Dlightbox%26settings%3DeyJpZCI6MzY0LCJ1cmwiOiJodHRwczpcL1wvaGNjYy5vcmdcL3dwLWNvbnRlbnRcL3VwbG9hZHNcLzIwMjJcLzEyXC9oYW5neWFib2x5LTMuanBnIiwic2xpZGVzaG93IjoiOTA0ZjAxNiJ9\">\n\t\t\t\t\t<div class=\"e-gallery-image elementor-gallery-item__image\" data-thumbnail=\"https:\/\/hccc.org\/wp-content\/uploads\/2022\/12\/hangyaboly-3.jpg\" data-width=\"1034\" data-height=\"770\" aria-label=\"\" role=\"img\" ><\/div>\n\t\t\t\t\t\t\t\t\t\t\t<div class=\"elementor-gallery-item__overlay\"><\/div>\n\t\t\t\t\t\t\t\t\t\t\t\t\t\t<\/a>\n\t\t\t\t\t\t\t<a class=\"e-gallery-item elementor-gallery-item elementor-animated-content\" href=\"https:\/\/hccc.org\/wp-content\/uploads\/2022\/12\/hangyaboly-4.jpg\" data-elementor-open-lightbox=\"yes\" data-elementor-lightbox-slideshow=\"904f016\" data-e-action-hash=\"#elementor-action%3Aaction%3Dlightbox%26settings%3DeyJpZCI6MzYzLCJ1cmwiOiJodHRwczpcL1wvaGNjYy5vcmdcL3dwLWNvbnRlbnRcL3VwbG9hZHNcLzIwMjJcLzEyXC9oYW5neWFib2x5LTQuanBnIiwic2xpZGVzaG93IjoiOTA0ZjAxNiJ9\">\n\t\t\t\t\t<div class=\"e-gallery-image elementor-gallery-item__image\" data-thumbnail=\"https:\/\/hccc.org\/wp-content\/uploads\/2022\/12\/hangyaboly-4.jpg\" data-width=\"840\" data-height=\"740\" aria-label=\"\" role=\"img\" ><\/div>\n\t\t\t\t\t\t\t\t\t\t\t<div class=\"elementor-gallery-item__overlay\"><\/div>\n\t\t\t\t\t\t\t\t\t\t\t\t\t\t<\/a>\n\t\t\t\t\t<\/div>\n\t\t\t\t\t<\/div>\n\t\t\t\t<\/div>\n\t\t\t\t\t<\/div>\n\t\t<\/div>\n\t\t\t\t\t<\/div>\n\t\t<\/section>\n\t\t\t\t<\/div>\n\t\t","protected":false},"excerpt":{"rendered":"<p>SZERVEZETEINK Arany J\u00e1nos Magyar Iskola Az 1975 \u00f3ta fenn\u00e1ll\u00f3 h\u00e9tv\u00e9gi iskola szeptemberto\u030bl j\u00fanius k\u00f6zep\u00e9ig minden szombaton f\u00e9l t\u00edzto\u030bl d.u. 1 \u00f3r\u00e1ig v\u00e1rja a beiratkozott di\u00e1kokat elso\u030bto\u030bl nyolcadik oszt\u00e1lyig, valamint az \u00f3vod\u00e1s kor\u00fa gyerekeket 3 \u00e9ves kort\u00f3l. A legkisebbeknek Cirogat\u00f3 n\u00e9ven tartanak baba-mama foglalkoz\u00e1st 2018. janu\u00e1rja \u00f3ta. A k\u00e9pzett tan\u00e1rok \u00e9s tan\u00edt\u00f3k \u00edr\u00e1st, olvas\u00e1st, magyar irodalmat, &#8230; <a title=\"Szervezeteink\" class=\"read-more\" href=\"https:\/\/hccc.org\/hu\/szervezeteink\/\" aria-label=\"Read more about Szervezeteink\">Olvass tov\u00e1bb<\/a><\/p>\n","protected":false},"author":1,"featured_media":0,"parent":0,"menu_order":0,"comment_status":"closed","ping_status":"closed","template":"elementor_header_footer","meta":{"footnotes":""},"class_list":["post-27","page","type-page","status-publish"],"_links":{"self":[{"href":"https:\/\/hccc.org\/hu\/wp-json\/wp\/v2\/pages\/27","targetHints":{"allow":["GET"]}}],"collection":[{"href":"https:\/\/hccc.org\/hu\/wp-json\/wp\/v2\/pages"}],"about":[{"href":"https:\/\/hccc.org\/hu\/wp-json\/wp\/v2\/types\/page"}],"author":[{"embeddable":true,"href":"https:\/\/hccc.org\/hu\/wp-json\/wp\/v2\/users\/1"}],"replies":[{"embeddable":true,"href":"https:\/\/hccc.org\/hu\/wp-json\/wp\/v2\/comments?post=27"}],"version-history":[{"count":3,"href":"https:\/\/hccc.org\/hu\/wp-json\/wp\/v2\/pages\/27\/revisions"}],"predecessor-version":[{"id":710,"href":"https:\/\/hccc.org\/hu\/wp-json\/wp\/v2\/pages\/27\/revisions\/710"}],"wp:attachment":[{"href":"https:\/\/hccc.org\/hu\/wp-json\/wp\/v2\/media?parent=27"}],"curies":[{"name":"wp","href":"https:\/\/api.w.org\/{rel}","templated":true}]}}