{"id":23,"date":"2022-11-25T08:22:05","date_gmt":"2022-11-25T08:22:05","guid":{"rendered":"http:\/\/hccc.org\/?page_id=23"},"modified":"2025-02-17T05:48:33","modified_gmt":"2025-02-17T10:48:33","slug":"bemutatkozas","status":"publish","type":"page","link":"https:\/\/hccc.org\/hu\/bemutatkozas\/","title":{"rendered":"Bemutatkoz\u00e1s"},"content":{"rendered":"\t\t<div data-elementor-type=\"wp-page\" data-elementor-id=\"23\" class=\"elementor elementor-23\" data-elementor-post-type=\"page\">\n\t\t\t\t\t\t<section class=\"elementor-section elementor-top-section elementor-element elementor-element-f85b296 elementor-section-height-min-height elementor-section-boxed elementor-section-height-default elementor-section-items-middle\" data-id=\"f85b296\" data-element_type=\"section\" data-settings=\"{&quot;background_background&quot;:&quot;classic&quot;}\">\n\t\t\t\t\t\t\t<div class=\"elementor-background-overlay\"><\/div>\n\t\t\t\t\t\t\t<div class=\"elementor-container elementor-column-gap-default\">\n\t\t\t\t\t<div class=\"elementor-column elementor-col-100 elementor-top-column elementor-element elementor-element-1de839a\" data-id=\"1de839a\" data-element_type=\"column\">\n\t\t\t<div class=\"elementor-widget-wrap elementor-element-populated\">\n\t\t\t\t\t\t<div class=\"elementor-element elementor-element-a5e7047 elementor-widget elementor-widget-heading\" data-id=\"a5e7047\" data-element_type=\"widget\" data-widget_type=\"heading.default\">\n\t\t\t\t<div class=\"elementor-widget-container\">\n\t\t\t\t\t<h1 class=\"elementor-heading-title elementor-size-default\">BEMUTATKOZUNK<\/h1>\t\t\t\t<\/div>\n\t\t\t\t<\/div>\n\t\t\t\t\t<\/div>\n\t\t<\/div>\n\t\t\t\t\t<\/div>\n\t\t<\/section>\n\t\t\t\t<section class=\"elementor-section elementor-top-section elementor-element elementor-element-1a99a41 elementor-section-boxed elementor-section-height-default elementor-section-height-default\" data-id=\"1a99a41\" data-element_type=\"section\">\n\t\t\t\t\t\t<div class=\"elementor-container elementor-column-gap-default\">\n\t\t\t\t\t<div class=\"elementor-column elementor-col-100 elementor-top-column elementor-element elementor-element-66cef89\" data-id=\"66cef89\" data-element_type=\"column\">\n\t\t\t<div class=\"elementor-widget-wrap elementor-element-populated\">\n\t\t\t\t\t\t<div class=\"elementor-element elementor-element-fdf4504 elementor-widget elementor-widget-image\" data-id=\"fdf4504\" data-element_type=\"widget\" data-widget_type=\"image.default\">\n\t\t\t\t<div class=\"elementor-widget-container\">\n\t\t\t\t\t\t\t\t\t\t\t\t\t\t\t<img fetchpriority=\"high\" decoding=\"async\" width=\"1919\" height=\"244\" src=\"https:\/\/hccc.org\/wp-content\/uploads\/2022\/11\/diszitoszalag.png\" class=\"attachment-full size-full wp-image-75\" alt=\"\" srcset=\"https:\/\/hccc.org\/wp-content\/uploads\/2022\/11\/diszitoszalag.png 1919w, https:\/\/hccc.org\/wp-content\/uploads\/2022\/11\/diszitoszalag-300x38.png 300w, https:\/\/hccc.org\/wp-content\/uploads\/2022\/11\/diszitoszalag-1024x130.png 1024w, https:\/\/hccc.org\/wp-content\/uploads\/2022\/11\/diszitoszalag-768x98.png 768w, https:\/\/hccc.org\/wp-content\/uploads\/2022\/11\/diszitoszalag-1536x195.png 1536w\" sizes=\"(max-width: 1919px) 100vw, 1919px\" \/>\t\t\t\t\t\t\t\t\t\t\t\t\t\t\t<\/div>\n\t\t\t\t<\/div>\n\t\t\t\t\t<\/div>\n\t\t<\/div>\n\t\t\t\t\t<\/div>\n\t\t<\/section>\n\t\t\t\t<section class=\"elementor-section elementor-top-section elementor-element elementor-element-dc479dd elementor-reverse-tablet elementor-reverse-mobile elementor-section-boxed elementor-section-height-default elementor-section-height-default\" data-id=\"dc479dd\" data-element_type=\"section\" data-settings=\"{&quot;background_background&quot;:&quot;classic&quot;}\">\n\t\t\t\t\t\t<div class=\"elementor-container elementor-column-gap-custom\">\n\t\t\t\t\t<div class=\"elementor-column elementor-col-50 elementor-top-column elementor-element elementor-element-1bd8c85\" data-id=\"1bd8c85\" data-element_type=\"column\">\n\t\t\t<div class=\"elementor-widget-wrap elementor-element-populated\">\n\t\t\t\t\t\t<div class=\"elementor-element elementor-element-3d4ef11 elementor-widget elementor-widget-image\" data-id=\"3d4ef11\" data-element_type=\"widget\" data-widget_type=\"image.default\">\n\t\t\t\t<div class=\"elementor-widget-container\">\n\t\t\t\t\t\t\t\t\t\t\t\t\t\t\t<img decoding=\"async\" width=\"1024\" height=\"768\" src=\"https:\/\/hccc.org\/wp-content\/uploads\/2022\/11\/magyar-toronto-1024x768.jpg\" class=\"attachment-large size-large wp-image-134\" alt=\"\" srcset=\"https:\/\/hccc.org\/wp-content\/uploads\/2022\/11\/magyar-toronto-1024x768.jpg 1024w, https:\/\/hccc.org\/wp-content\/uploads\/2022\/11\/magyar-toronto-300x225.jpg 300w, https:\/\/hccc.org\/wp-content\/uploads\/2022\/11\/magyar-toronto-768x576.jpg 768w, https:\/\/hccc.org\/wp-content\/uploads\/2022\/11\/magyar-toronto-1536x1152.jpg 1536w, https:\/\/hccc.org\/wp-content\/uploads\/2022\/11\/magyar-toronto.jpg 2048w\" sizes=\"(max-width: 1024px) 100vw, 1024px\" \/>\t\t\t\t\t\t\t\t\t\t\t\t\t\t\t<\/div>\n\t\t\t\t<\/div>\n\t\t\t\t\t<\/div>\n\t\t<\/div>\n\t\t\t\t<div class=\"elementor-column elementor-col-50 elementor-top-column elementor-element elementor-element-6b6031d\" data-id=\"6b6031d\" data-element_type=\"column\">\n\t\t\t<div class=\"elementor-widget-wrap elementor-element-populated\">\n\t\t\t\t\t\t<div class=\"elementor-element elementor-element-dba7b20 elementor-widget elementor-widget-text-editor\" data-id=\"dba7b20\" data-element_type=\"widget\" data-widget_type=\"text-editor.default\">\n\t\t\t\t<div class=\"elementor-widget-container\">\n\t\t\t\t\t\t\t\t\t<p>A toront\u00f3i Magyar H\u00e1z, vagy hivatalos nev\u00e9n a Kanadai Magyar Kult\u00fark\u00f6zpont a toront\u00f3i magyar k\u00f6z\u00f6ss\u00e9g fo\u030b t\u00e1rsas\u00e1gi \u00e9s kultur\u00e1lis k\u00f6zpontja. A kultur\u00e1lis centrum a v\u00e1ros North York negyed\u00e9ben tal\u00e1lhat\u00f3, mely j\u00f3l megk\u00f6zel\u00edtheto\u030b aut\u00f3val vagy t\u00f6megk\u00f6zleked\u00e9ssel is az itt lak\u00f3k sz\u00e1m\u00e1ra. Az \u00faj \u00e9p\u00fclet kifejezetten erre a c\u00e9lra k\u00e9sz\u00fclt, \u00f6tv\u00f6zve a n\u00e9h\u00e1ny \u00e9vvel kor\u00e1bban bez\u00e1rt Magyar H\u00e1z \u00e9p\u00fclet\u00e9nek elemeit a praktikus, \u00faj\u00e9p\u00edt\u00e9su\u030b elemekkel.<\/p><p>A Magyar H\u00e1z kultur\u00e1lis tev\u00e9kenys\u00e9ge t\u00f6bb pill\u00e9ren nyugszik. A kultur\u00e1lis k\u00f6zpont ad otthont a magyar \u00e1llami \u00e9s nemzeti \u00fcnnepeknek \u00e9s megeml\u00e9kez\u00e9seknek: m\u00e1rcius 15.\u00a0 az 1848-1849-es forradalom \u00e9s szabads\u00e1gharc eml\u00e9knapja, j\u00fanius 4., Trianon \u00e9s a Nemzeti \u00d6sszetartoz\u00e1s Napja (1920. j\u00fanius 4.), augusztus 20. az \u00c1llamalap\u00edt\u00e1s \u00fcnnepe \u00e9s okt\u00f3ber 23. az 1956-os forradalom \u00e9s szabads\u00e1gharc eml\u00e9knapja.<\/p>\t\t\t\t\t\t\t\t<\/div>\n\t\t\t\t<\/div>\n\t\t\t\t\t<\/div>\n\t\t<\/div>\n\t\t\t\t\t<\/div>\n\t\t<\/section>\n\t\t\t\t<section class=\"elementor-section elementor-top-section elementor-element elementor-element-9845e31 elementor-section-boxed elementor-section-height-default elementor-section-height-default\" data-id=\"9845e31\" data-element_type=\"section\" data-settings=\"{&quot;background_background&quot;:&quot;classic&quot;}\">\n\t\t\t\t\t\t<div class=\"elementor-container elementor-column-gap-default\">\n\t\t\t\t\t<div class=\"elementor-column elementor-col-100 elementor-top-column elementor-element elementor-element-e8c5197\" data-id=\"e8c5197\" data-element_type=\"column\">\n\t\t\t<div class=\"elementor-widget-wrap elementor-element-populated\">\n\t\t\t\t\t\t<div class=\"elementor-element elementor-element-63e63ce elementor-widget elementor-widget-text-editor\" data-id=\"63e63ce\" data-element_type=\"widget\" data-widget_type=\"text-editor.default\">\n\t\t\t\t<div class=\"elementor-widget-container\">\n\t\t\t\t\t\t\t\t\t<p>O\u030bszto\u030bl tavaszig a b\u00e1li szezon ideje alatt a Kult\u00fark\u00f6zpont \u00e9s a helyi magyar szervezetek j\u00f3 hangulat\u00fa b\u00e1lokat \u00e9s mulats\u00e1gokat rendeznek egy-egy szombat este, ahol a toront\u00f3i k\u00f6z\u00f6ns\u00e9g apraja-nagyja k\u00f6z\u00f6sen sz\u00f3rakozhat, bo\u030bs\u00e9ges magyar vacsor\u00e1t ehet, \u00e9s magyar \u00e9lo\u030bzen\u00e9re t\u00e1ncolhat.<\/p><p>Ezenk\u00edv\u00fcl tov\u00e1bbi kultur\u00e1lis rendezv\u00e9nyek, heti \u00e9s havi rendszeress\u00e9g\u0171 klubok, el\u0151ad\u00e1sok, koncertek \u00e9s sz\u00ednh\u00e1zi estek is megszervez\u00e9sre ker\u00fclnek, hogy min\u00e9l sz\u00e9lesebb r\u00e9teg megtal\u00e1lja a sz\u00e1m\u00e1ra \u00e9rdekes \u00e9s \u00e9rt\u00e9kes programot a Magyar H\u00e1zban.<\/p>\t\t\t\t\t\t\t\t<\/div>\n\t\t\t\t<\/div>\n\t\t\t\t\t<\/div>\n\t\t<\/div>\n\t\t\t\t\t<\/div>\n\t\t<\/section>\n\t\t\t\t<section class=\"elementor-section elementor-top-section elementor-element elementor-element-006e1c7 elementor-section-boxed elementor-section-height-default elementor-section-height-default\" data-id=\"006e1c7\" data-element_type=\"section\">\n\t\t\t\t\t\t<div class=\"elementor-container elementor-column-gap-default\">\n\t\t\t\t\t<div class=\"elementor-column elementor-col-100 elementor-top-column elementor-element elementor-element-e0cd9f6\" data-id=\"e0cd9f6\" data-element_type=\"column\">\n\t\t\t<div class=\"elementor-widget-wrap elementor-element-populated\">\n\t\t\t\t\t\t<div class=\"elementor-element elementor-element-7a66f73 elementor-widget elementor-widget-gallery\" data-id=\"7a66f73\" data-element_type=\"widget\" data-settings=\"{&quot;gallery_layout&quot;:&quot;justified&quot;,&quot;ideal_row_height&quot;:{&quot;unit&quot;:&quot;px&quot;,&quot;size&quot;:390,&quot;sizes&quot;:[]},&quot;gap&quot;:{&quot;unit&quot;:&quot;px&quot;,&quot;size&quot;:2,&quot;sizes&quot;:[]},&quot;ideal_row_height_tablet&quot;:{&quot;unit&quot;:&quot;px&quot;,&quot;size&quot;:230,&quot;sizes&quot;:[]},&quot;ideal_row_height_mobile&quot;:{&quot;unit&quot;:&quot;px&quot;,&quot;size&quot;:170,&quot;sizes&quot;:[]},&quot;gap_tablet&quot;:{&quot;unit&quot;:&quot;px&quot;,&quot;size&quot;:2,&quot;sizes&quot;:[]},&quot;gap_mobile&quot;:{&quot;unit&quot;:&quot;px&quot;,&quot;size&quot;:2,&quot;sizes&quot;:[]},&quot;lazyload&quot;:&quot;yes&quot;,&quot;link_to&quot;:&quot;file&quot;,&quot;overlay_background&quot;:&quot;yes&quot;,&quot;content_hover_animation&quot;:&quot;fade-in&quot;}\" data-widget_type=\"gallery.default\">\n\t\t\t\t<div class=\"elementor-widget-container\">\n\t\t\t\t\t\t\t<div class=\"elementor-gallery__container\">\n\t\t\t\t\t\t\t<a class=\"e-gallery-item elementor-gallery-item elementor-animated-content\" href=\"https:\/\/hccc.org\/wp-content\/uploads\/2022\/12\/magyar-haz-igazgatosag-11.jpg\" data-elementor-open-lightbox=\"yes\" data-elementor-lightbox-slideshow=\"7a66f73\" data-e-action-hash=\"#elementor-action%3Aaction%3Dlightbox%26settings%3DeyJpZCI6NTM2LCJ1cmwiOiJodHRwczpcL1wvaGNjYy5vcmdcL3dwLWNvbnRlbnRcL3VwbG9hZHNcLzIwMjJcLzEyXC9tYWd5YXItaGF6LWlnYXpnYXRvc2FnLTExLmpwZyIsInNsaWRlc2hvdyI6IjdhNjZmNzMifQ%3D%3D\">\n\t\t\t\t\t<div class=\"e-gallery-image elementor-gallery-item__image\" data-thumbnail=\"https:\/\/hccc.org\/wp-content\/uploads\/2022\/12\/magyar-haz-igazgatosag-11.jpg\" data-width=\"768\" data-height=\"1024\" aria-label=\"\" role=\"img\" ><\/div>\n\t\t\t\t\t\t\t\t\t\t\t<div class=\"elementor-gallery-item__overlay\"><\/div>\n\t\t\t\t\t\t\t\t\t\t\t\t\t\t<\/a>\n\t\t\t\t\t\t\t<a class=\"e-gallery-item elementor-gallery-item elementor-animated-content\" href=\"https:\/\/hccc.org\/wp-content\/uploads\/2022\/12\/magyar-haz-igazgatosag-9.jpg\" data-elementor-open-lightbox=\"yes\" data-elementor-lightbox-slideshow=\"7a66f73\" data-e-action-hash=\"#elementor-action%3Aaction%3Dlightbox%26settings%3DeyJpZCI6NTM3LCJ1cmwiOiJodHRwczpcL1wvaGNjYy5vcmdcL3dwLWNvbnRlbnRcL3VwbG9hZHNcLzIwMjJcLzEyXC9tYWd5YXItaGF6LWlnYXpnYXRvc2FnLTkuanBnIiwic2xpZGVzaG93IjoiN2E2NmY3MyJ9\">\n\t\t\t\t\t<div class=\"e-gallery-image elementor-gallery-item__image\" data-thumbnail=\"https:\/\/hccc.org\/wp-content\/uploads\/2022\/12\/magyar-haz-igazgatosag-9.jpg\" data-width=\"1024\" data-height=\"768\" aria-label=\"\" role=\"img\" ><\/div>\n\t\t\t\t\t\t\t\t\t\t\t<div class=\"elementor-gallery-item__overlay\"><\/div>\n\t\t\t\t\t\t\t\t\t\t\t\t\t\t<\/a>\n\t\t\t\t\t\t\t<a class=\"e-gallery-item elementor-gallery-item elementor-animated-content\" href=\"https:\/\/hccc.org\/wp-content\/uploads\/2022\/12\/magyar-haz-igazgatosag-10.jpg\" data-elementor-open-lightbox=\"yes\" data-elementor-lightbox-slideshow=\"7a66f73\" data-e-action-hash=\"#elementor-action%3Aaction%3Dlightbox%26settings%3DeyJpZCI6NTM4LCJ1cmwiOiJodHRwczpcL1wvaGNjYy5vcmdcL3dwLWNvbnRlbnRcL3VwbG9hZHNcLzIwMjJcLzEyXC9tYWd5YXItaGF6LWlnYXpnYXRvc2FnLTEwLmpwZyIsInNsaWRlc2hvdyI6IjdhNjZmNzMifQ%3D%3D\">\n\t\t\t\t\t<div class=\"e-gallery-image elementor-gallery-item__image\" data-thumbnail=\"https:\/\/hccc.org\/wp-content\/uploads\/2022\/12\/magyar-haz-igazgatosag-10.jpg\" data-width=\"1024\" data-height=\"768\" aria-label=\"\" role=\"img\" ><\/div>\n\t\t\t\t\t\t\t\t\t\t\t<div class=\"elementor-gallery-item__overlay\"><\/div>\n\t\t\t\t\t\t\t\t\t\t\t\t\t\t<\/a>\n\t\t\t\t\t\t\t<a class=\"e-gallery-item elementor-gallery-item elementor-animated-content\" href=\"https:\/\/hccc.org\/wp-content\/uploads\/2022\/12\/magyar-haz-igazgatosag-7.jpg\" data-elementor-open-lightbox=\"yes\" data-elementor-lightbox-slideshow=\"7a66f73\" data-e-action-hash=\"#elementor-action%3Aaction%3Dlightbox%26settings%3DeyJpZCI6NTM5LCJ1cmwiOiJodHRwczpcL1wvaGNjYy5vcmdcL3dwLWNvbnRlbnRcL3VwbG9hZHNcLzIwMjJcLzEyXC9tYWd5YXItaGF6LWlnYXpnYXRvc2FnLTcuanBnIiwic2xpZGVzaG93IjoiN2E2NmY3MyJ9\">\n\t\t\t\t\t<div class=\"e-gallery-image elementor-gallery-item__image\" data-thumbnail=\"https:\/\/hccc.org\/wp-content\/uploads\/2022\/12\/magyar-haz-igazgatosag-7.jpg\" data-width=\"768\" data-height=\"1024\" aria-label=\"\" role=\"img\" ><\/div>\n\t\t\t\t\t\t\t\t\t\t\t<div class=\"elementor-gallery-item__overlay\"><\/div>\n\t\t\t\t\t\t\t\t\t\t\t\t\t\t<\/a>\n\t\t\t\t\t\t\t<a class=\"e-gallery-item elementor-gallery-item elementor-animated-content\" href=\"https:\/\/hccc.org\/wp-content\/uploads\/2022\/12\/magyar-haz-igazgatosag-6.jpg\" data-elementor-open-lightbox=\"yes\" data-elementor-lightbox-slideshow=\"7a66f73\" data-e-action-hash=\"#elementor-action%3Aaction%3Dlightbox%26settings%3DeyJpZCI6NTQwLCJ1cmwiOiJodHRwczpcL1wvaGNjYy5vcmdcL3dwLWNvbnRlbnRcL3VwbG9hZHNcLzIwMjJcLzEyXC9tYWd5YXItaGF6LWlnYXpnYXRvc2FnLTYuanBnIiwic2xpZGVzaG93IjoiN2E2NmY3MyJ9\">\n\t\t\t\t\t<div class=\"e-gallery-image elementor-gallery-item__image\" data-thumbnail=\"https:\/\/hccc.org\/wp-content\/uploads\/2022\/12\/magyar-haz-igazgatosag-6.jpg\" data-width=\"1024\" data-height=\"768\" aria-label=\"\" role=\"img\" ><\/div>\n\t\t\t\t\t\t\t\t\t\t\t<div class=\"elementor-gallery-item__overlay\"><\/div>\n\t\t\t\t\t\t\t\t\t\t\t\t\t\t<\/a>\n\t\t\t\t\t\t\t<a class=\"e-gallery-item elementor-gallery-item elementor-animated-content\" href=\"https:\/\/hccc.org\/wp-content\/uploads\/2022\/12\/magyar-haz-igazgatosag-2.jpg\" data-elementor-open-lightbox=\"yes\" data-elementor-lightbox-slideshow=\"7a66f73\" data-e-action-hash=\"#elementor-action%3Aaction%3Dlightbox%26settings%3DeyJpZCI6NTQxLCJ1cmwiOiJodHRwczpcL1wvaGNjYy5vcmdcL3dwLWNvbnRlbnRcL3VwbG9hZHNcLzIwMjJcLzEyXC9tYWd5YXItaGF6LWlnYXpnYXRvc2FnLTIuanBnIiwic2xpZGVzaG93IjoiN2E2NmY3MyJ9\">\n\t\t\t\t\t<div class=\"e-gallery-image elementor-gallery-item__image\" data-thumbnail=\"https:\/\/hccc.org\/wp-content\/uploads\/2022\/12\/magyar-haz-igazgatosag-2.jpg\" data-width=\"952\" data-height=\"687\" aria-label=\"\" role=\"img\" ><\/div>\n\t\t\t\t\t\t\t\t\t\t\t<div class=\"elementor-gallery-item__overlay\"><\/div>\n\t\t\t\t\t\t\t\t\t\t\t\t\t\t<\/a>\n\t\t\t\t\t\t\t<a class=\"e-gallery-item elementor-gallery-item elementor-animated-content\" href=\"https:\/\/hccc.org\/wp-content\/uploads\/2022\/12\/magyar-haz-igazgatosag-3.jpg\" data-elementor-open-lightbox=\"yes\" data-elementor-lightbox-slideshow=\"7a66f73\" data-e-action-hash=\"#elementor-action%3Aaction%3Dlightbox%26settings%3DeyJpZCI6NTQyLCJ1cmwiOiJodHRwczpcL1wvaGNjYy5vcmdcL3dwLWNvbnRlbnRcL3VwbG9hZHNcLzIwMjJcLzEyXC9tYWd5YXItaGF6LWlnYXpnYXRvc2FnLTMuanBnIiwic2xpZGVzaG93IjoiN2E2NmY3MyJ9\">\n\t\t\t\t\t<div class=\"e-gallery-image elementor-gallery-item__image\" data-thumbnail=\"https:\/\/hccc.org\/wp-content\/uploads\/2022\/12\/magyar-haz-igazgatosag-3.jpg\" data-width=\"1024\" data-height=\"768\" aria-label=\"\" role=\"img\" ><\/div>\n\t\t\t\t\t\t\t\t\t\t\t<div class=\"elementor-gallery-item__overlay\"><\/div>\n\t\t\t\t\t\t\t\t\t\t\t\t\t\t<\/a>\n\t\t\t\t\t\t\t<a class=\"e-gallery-item elementor-gallery-item elementor-animated-content\" href=\"https:\/\/hccc.org\/wp-content\/uploads\/2022\/12\/magyar-haz-igazgatosag-4.jpg\" data-elementor-open-lightbox=\"yes\" data-elementor-lightbox-slideshow=\"7a66f73\" data-e-action-hash=\"#elementor-action%3Aaction%3Dlightbox%26settings%3DeyJpZCI6NTQzLCJ1cmwiOiJodHRwczpcL1wvaGNjYy5vcmdcL3dwLWNvbnRlbnRcL3VwbG9hZHNcLzIwMjJcLzEyXC9tYWd5YXItaGF6LWlnYXpnYXRvc2FnLTQuanBnIiwic2xpZGVzaG93IjoiN2E2NmY3MyJ9\">\n\t\t\t\t\t<div class=\"e-gallery-image elementor-gallery-item__image\" data-thumbnail=\"https:\/\/hccc.org\/wp-content\/uploads\/2022\/12\/magyar-haz-igazgatosag-4.jpg\" data-width=\"1024\" data-height=\"768\" aria-label=\"\" role=\"img\" ><\/div>\n\t\t\t\t\t\t\t\t\t\t\t<div class=\"elementor-gallery-item__overlay\"><\/div>\n\t\t\t\t\t\t\t\t\t\t\t\t\t\t<\/a>\n\t\t\t\t\t\t\t<a class=\"e-gallery-item elementor-gallery-item elementor-animated-content\" href=\"https:\/\/hccc.org\/wp-content\/uploads\/2022\/12\/magyar-haz-igazgatosag-5.jpg\" data-elementor-open-lightbox=\"yes\" data-elementor-lightbox-slideshow=\"7a66f73\" data-e-action-hash=\"#elementor-action%3Aaction%3Dlightbox%26settings%3DeyJpZCI6NTQ0LCJ1cmwiOiJodHRwczpcL1wvaGNjYy5vcmdcL3dwLWNvbnRlbnRcL3VwbG9hZHNcLzIwMjJcLzEyXC9tYWd5YXItaGF6LWlnYXpnYXRvc2FnLTUuanBnIiwic2xpZGVzaG93IjoiN2E2NmY3MyJ9\">\n\t\t\t\t\t<div class=\"e-gallery-image elementor-gallery-item__image\" data-thumbnail=\"https:\/\/hccc.org\/wp-content\/uploads\/2022\/12\/magyar-haz-igazgatosag-5.jpg\" data-width=\"1024\" data-height=\"768\" aria-label=\"\" role=\"img\" ><\/div>\n\t\t\t\t\t\t\t\t\t\t\t<div class=\"elementor-gallery-item__overlay\"><\/div>\n\t\t\t\t\t\t\t\t\t\t\t\t\t\t<\/a>\n\t\t\t\t\t\t\t<a class=\"e-gallery-item elementor-gallery-item elementor-animated-content\" href=\"https:\/\/hccc.org\/wp-content\/uploads\/2022\/12\/magyar-haz-igazgatosag-1.jpg\" data-elementor-open-lightbox=\"yes\" data-elementor-lightbox-slideshow=\"7a66f73\" data-e-action-hash=\"#elementor-action%3Aaction%3Dlightbox%26settings%3DeyJpZCI6NTQ1LCJ1cmwiOiJodHRwczpcL1wvaGNjYy5vcmdcL3dwLWNvbnRlbnRcL3VwbG9hZHNcLzIwMjJcLzEyXC9tYWd5YXItaGF6LWlnYXpnYXRvc2FnLTEuanBnIiwic2xpZGVzaG93IjoiN2E2NmY3MyJ9\">\n\t\t\t\t\t<div class=\"e-gallery-image elementor-gallery-item__image\" data-thumbnail=\"https:\/\/hccc.org\/wp-content\/uploads\/2022\/12\/magyar-haz-igazgatosag-1.jpg\" data-width=\"952\" data-height=\"868\" aria-label=\"\" role=\"img\" ><\/div>\n\t\t\t\t\t\t\t\t\t\t\t<div class=\"elementor-gallery-item__overlay\"><\/div>\n\t\t\t\t\t\t\t\t\t\t\t\t\t\t<\/a>\n\t\t\t\t\t<\/div>\n\t\t\t\t\t<\/div>\n\t\t\t\t<\/div>\n\t\t\t\t\t<\/div>\n\t\t<\/div>\n\t\t\t\t\t<\/div>\n\t\t<\/section>\n\t\t\t\t<\/div>\n\t\t","protected":false},"excerpt":{"rendered":"<p>BEMUTATKOZUNK A toront\u00f3i Magyar H\u00e1z, vagy hivatalos nev\u00e9n a Kanadai Magyar Kult\u00fark\u00f6zpont a toront\u00f3i magyar k\u00f6z\u00f6ss\u00e9g fo\u030b t\u00e1rsas\u00e1gi \u00e9s kultur\u00e1lis k\u00f6zpontja. A kultur\u00e1lis centrum a v\u00e1ros North York negyed\u00e9ben tal\u00e1lhat\u00f3, mely j\u00f3l megk\u00f6zel\u00edtheto\u030b aut\u00f3val vagy t\u00f6megk\u00f6zleked\u00e9ssel is az itt lak\u00f3k sz\u00e1m\u00e1ra. Az \u00faj \u00e9p\u00fclet kifejezetten erre a c\u00e9lra k\u00e9sz\u00fclt, \u00f6tv\u00f6zve a n\u00e9h\u00e1ny \u00e9vvel kor\u00e1bban bez\u00e1rt &#8230; <a title=\"Bemutatkoz\u00e1s\" class=\"read-more\" href=\"https:\/\/hccc.org\/hu\/bemutatkozas\/\" aria-label=\"Read more about Bemutatkoz\u00e1s\">Olvass tov\u00e1bb<\/a><\/p>\n","protected":false},"author":1,"featured_media":0,"parent":0,"menu_order":0,"comment_status":"closed","ping_status":"closed","template":"elementor_header_footer","meta":{"footnotes":""},"class_list":["post-23","page","type-page","status-publish"],"_links":{"self":[{"href":"https:\/\/hccc.org\/hu\/wp-json\/wp\/v2\/pages\/23","targetHints":{"allow":["GET"]}}],"collection":[{"href":"https:\/\/hccc.org\/hu\/wp-json\/wp\/v2\/pages"}],"about":[{"href":"https:\/\/hccc.org\/hu\/wp-json\/wp\/v2\/types\/page"}],"author":[{"embeddable":true,"href":"https:\/\/hccc.org\/hu\/wp-json\/wp\/v2\/users\/1"}],"replies":[{"embeddable":true,"href":"https:\/\/hccc.org\/hu\/wp-json\/wp\/v2\/comments?post=23"}],"version-history":[{"count":9,"href":"https:\/\/hccc.org\/hu\/wp-json\/wp\/v2\/pages\/23\/revisions"}],"predecessor-version":[{"id":695,"href":"https:\/\/hccc.org\/hu\/wp-json\/wp\/v2\/pages\/23\/revisions\/695"}],"wp:attachment":[{"href":"https:\/\/hccc.org\/hu\/wp-json\/wp\/v2\/media?parent=23"}],"curies":[{"name":"wp","href":"https:\/\/api.w.org\/{rel}","templated":true}]}}