{"id":33,"date":"2022-11-25T08:26:03","date_gmt":"2022-11-25T08:26:03","guid":{"rendered":"http:\/\/hccc.org\/?page_id=33"},"modified":"2025-02-17T06:24:03","modified_gmt":"2025-02-17T11:24:03","slug":"boards-of-directors","status":"publish","type":"page","link":"https:\/\/hccc.org\/en\/boards-of-directors\/","title":{"rendered":"Directors, committees"},"content":{"rendered":"<div data-elementor-type=\"wp-page\" data-elementor-id=\"33\" class=\"elementor elementor-33\" data-elementor-post-type=\"page\">\n\t\t\t\t\t\t<section class=\"elementor-section elementor-top-section elementor-element elementor-element-c3d4852 elementor-section-boxed elementor-section-height-default elementor-section-height-default\" data-id=\"c3d4852\" data-element_type=\"section\" data-settings=\"{&quot;background_background&quot;:&quot;classic&quot;}\">\n\t\t\t\t\t\t<div class=\"elementor-container elementor-column-gap-default\">\n\t\t\t\t\t<div class=\"elementor-column elementor-col-100 elementor-top-column elementor-element elementor-element-27dba53\" data-id=\"27dba53\" data-element_type=\"column\">\n\t\t\t<div class=\"elementor-widget-wrap elementor-element-populated\">\n\t\t\t\t\t\t<div class=\"elementor-element elementor-element-0e67dfd elementor-widget elementor-widget-heading\" data-id=\"0e67dfd\" data-element_type=\"widget\" data-widget_type=\"heading.default\">\n\t\t\t\t<div class=\"elementor-widget-container\">\n\t\t\t\t\t<h2 class=\"elementor-heading-title elementor-size-default\">DIRECTORS, COMMISSIONS<\/h2>\t\t\t\t<\/div>\n\t\t\t\t<\/div>\n\t\t\t\t\t<\/div>\n\t\t<\/div>\n\t\t\t\t\t<\/div>\n\t\t<\/section>\n\t\t\t\t<section class=\"elementor-section elementor-top-section elementor-element elementor-element-8c80dfe elementor-section-boxed elementor-section-height-default elementor-section-height-default\" data-id=\"8c80dfe\" data-element_type=\"section\">\n\t\t\t\t\t\t<div class=\"elementor-container elementor-column-gap-default\">\n\t\t\t\t\t<div class=\"elementor-column elementor-col-33 elementor-top-column elementor-element elementor-element-7bced70\" data-id=\"7bced70\" data-element_type=\"column\">\n\t\t\t<div class=\"elementor-widget-wrap elementor-element-populated\">\n\t\t\t\t\t\t<div class=\"elementor-element elementor-element-d2f21a5 elementor-widget elementor-widget-heading\" data-id=\"d2f21a5\" data-element_type=\"widget\" data-widget_type=\"heading.default\">\n\t\t\t\t<div class=\"elementor-widget-container\">\n\t\t\t\t\t<h2 class=\"elementor-heading-title elementor-size-default\">Advisory Directors<\/h2>\t\t\t\t<\/div>\n\t\t\t\t<\/div>\n\t\t\t\t<div class=\"elementor-element elementor-element-4c5206a elementor-widget elementor-widget-text-editor\" data-id=\"4c5206a\" data-element_type=\"widget\" data-widget_type=\"text-editor.default\">\n\t\t\t\t<div class=\"elementor-widget-container\">\n\t\t\t\t\t\t\t\t\t<p>Balla Siladev Judith<\/p><p>Bolg\u00e1r \u00c9der Ildik\u00f3<\/p><p>Istv\u00e1n Varga<\/p><p>Zsolt R\u00f3bert G\u00e1bor<\/p><p>Norbert K\u00f6nny\u0171<\/p><p>B\u00e9la Kurucz<\/p><p>Katalin Fuhrman-Wills<\/p>\t\t\t\t\t\t\t\t<\/div>\n\t\t\t\t<\/div>\n\t\t\t\t\t<\/div>\n\t\t<\/div>\n\t\t\t\t<div class=\"elementor-column elementor-col-33 elementor-top-column elementor-element elementor-element-0e2fe80\" data-id=\"0e2fe80\" data-element_type=\"column\" data-settings=\"{&quot;background_background&quot;:&quot;classic&quot;}\">\n\t\t\t<div class=\"elementor-widget-wrap elementor-element-populated\">\n\t\t\t\t\t\t<div class=\"elementor-element elementor-element-177fec3 elementor-widget elementor-widget-heading\" data-id=\"177fec3\" data-element_type=\"widget\" data-widget_type=\"heading.default\">\n\t\t\t\t<div class=\"elementor-widget-container\">\n\t\t\t\t\t<h2 class=\"elementor-heading-title elementor-size-default\">Inspectors<\/h2>\t\t\t\t<\/div>\n\t\t\t\t<\/div>\n\t\t\t\t<div class=\"elementor-element elementor-element-7002f0a elementor-widget elementor-widget-text-editor\" data-id=\"7002f0a\" data-element_type=\"widget\" data-widget_type=\"text-editor.default\">\n\t\t\t\t<div class=\"elementor-widget-container\">\n\t\t\t\t\t\t\t\t\t<p>M\u00f3nika Nyagui<\/p><p>Imre Gergely<\/p><p>Szabolcs Becze<\/p><p>Julia L\u00e1z\u00e1r<\/p><p>R\u00e9ka Ferencz G\u00e1bor<\/p>\t\t\t\t\t\t\t\t<\/div>\n\t\t\t\t<\/div>\n\t\t\t\t\t<\/div>\n\t\t<\/div>\n\t\t\t\t<div class=\"elementor-column elementor-col-33 elementor-top-column elementor-element elementor-element-d2ba322\" data-id=\"d2ba322\" data-element_type=\"column\">\n\t\t\t<div class=\"elementor-widget-wrap elementor-element-populated\">\n\t\t\t\t\t\t<div class=\"elementor-element elementor-element-7bc761c elementor-widget elementor-widget-heading\" data-id=\"7bc761c\" data-element_type=\"widget\" data-widget_type=\"heading.default\">\n\t\t\t\t<div class=\"elementor-widget-container\">\n\t\t\t\t\t<h2 class=\"elementor-heading-title elementor-size-default\">Disciplinary Committee<\/h2>\t\t\t\t<\/div>\n\t\t\t\t<\/div>\n\t\t\t\t<div class=\"elementor-element elementor-element-7b640e5 elementor-widget elementor-widget-text-editor\" data-id=\"7b640e5\" data-element_type=\"widget\" data-widget_type=\"text-editor.default\">\n\t\t\t\t<div class=\"elementor-widget-container\">\n\t\t\t\t\t\t\t\t\t<p>Jen\u0151 N\u00e9meth<\/p><p>Tam\u00e1s Kontra<\/p><p>J\u00f3zsef G\u00e1bor<\/p><p>Jen\u0151 Bolg\u00e1r<\/p><p>Endre Marton<\/p><p>Bal\u00e1zs Kralov\u00e1nszky<\/p>\t\t\t\t\t\t\t\t<\/div>\n\t\t\t\t<\/div>\n\t\t\t\t\t<\/div>\n\t\t<\/div>\n\t\t\t\t\t<\/div>\n\t\t<\/section>\n\t\t\t\t<\/div>","protected":false},"excerpt":{"rendered":"<p>ADVISORS, COMMISSIONERS Advisory Directors Balla Siladev Judith Bolg\u00e1r \u00c9der Ildik\u00f3 Varga Istv\u00e1n G\u00e1bor R\u00f3bert Zsolt K\u00f6nny\u0171 Norbert Kurucz B\u00e9la Fuhrman-Wills Katalin Auditors Nyagui M\u00f3nika Gergely Imre Becze Szabolcs L\u00e1z\u00e1r J\u00falia Ferencz G\u00e1bor R\u00e9ka Disciplinary Committee Jen\u0151 N\u00e9meth Kontra Tam\u00e1s G\u00e1bor J\u00f3zsef Jen\u0151 Bolg\u00e1r Jen\u0151 Marton Endre Bal\u00e1zs Kralov\u00e1nszky<\/p>","protected":false},"author":1,"featured_media":0,"parent":0,"menu_order":0,"comment_status":"closed","ping_status":"closed","template":"elementor_header_footer","meta":{"footnotes":""},"class_list":["post-33","page","type-page","status-publish"],"_links":{"self":[{"href":"https:\/\/hccc.org\/en\/wp-json\/wp\/v2\/pages\/33","targetHints":{"allow":["GET"]}}],"collection":[{"href":"https:\/\/hccc.org\/en\/wp-json\/wp\/v2\/pages"}],"about":[{"href":"https:\/\/hccc.org\/en\/wp-json\/wp\/v2\/types\/page"}],"author":[{"embeddable":true,"href":"https:\/\/hccc.org\/en\/wp-json\/wp\/v2\/users\/1"}],"replies":[{"embeddable":true,"href":"https:\/\/hccc.org\/en\/wp-json\/wp\/v2\/comments?post=33"}],"version-history":[{"count":9,"href":"https:\/\/hccc.org\/en\/wp-json\/wp\/v2\/pages\/33\/revisions"}],"predecessor-version":[{"id":719,"href":"https:\/\/hccc.org\/en\/wp-json\/wp\/v2\/pages\/33\/revisions\/719"}],"wp:attachment":[{"href":"https:\/\/hccc.org\/en\/wp-json\/wp\/v2\/media?parent=33"}],"curies":[{"name":"wp","href":"https:\/\/api.w.org\/{rel}","templated":true}]}}