{"id":27,"date":"2022-11-25T08:22:51","date_gmt":"2022-11-25T08:22:51","guid":{"rendered":"http:\/\/hccc.org\/?page_id=27"},"modified":"2025-02-17T05:57:24","modified_gmt":"2025-02-17T10:57:24","slug":"our-organisations","status":"publish","type":"page","link":"https:\/\/hccc.org\/en\/our-organisations\/","title":{"rendered":"Our organisations"},"content":{"rendered":"<div data-elementor-type=\"wp-page\" data-elementor-id=\"27\" class=\"elementor elementor-27\" data-elementor-post-type=\"page\">\n\t\t\t\t\t\t<section class=\"elementor-section elementor-top-section elementor-element elementor-element-aa9b3b1 elementor-section-boxed elementor-section-height-default elementor-section-height-default\" data-id=\"aa9b3b1\" data-element_type=\"section\" data-settings=\"{&quot;background_background&quot;:&quot;classic&quot;}\">\n\t\t\t\t\t\t<div class=\"elementor-container elementor-column-gap-default\">\n\t\t\t\t\t<div class=\"elementor-column elementor-col-100 elementor-top-column elementor-element elementor-element-b647fb6\" data-id=\"b647fb6\" data-element_type=\"column\">\n\t\t\t<div class=\"elementor-widget-wrap elementor-element-populated\">\n\t\t\t\t\t\t<div class=\"elementor-element elementor-element-e9ef10d elementor-widget elementor-widget-heading\" data-id=\"e9ef10d\" data-element_type=\"widget\" data-widget_type=\"heading.default\">\n\t\t\t\t<div class=\"elementor-widget-container\">\n\t\t\t\t\t<h1 class=\"elementor-heading-title elementor-size-default\">OUR ORGANISATIONS<\/h1>\t\t\t\t<\/div>\n\t\t\t\t<\/div>\n\t\t\t\t\t<\/div>\n\t\t<\/div>\n\t\t\t\t\t<\/div>\n\t\t<\/section>\n\t\t\t\t<section class=\"elementor-section elementor-top-section elementor-element elementor-element-acc2b7e elementor-section-boxed elementor-section-height-default elementor-section-height-default\" data-id=\"acc2b7e\" data-element_type=\"section\">\n\t\t\t\t\t\t<div class=\"elementor-container elementor-column-gap-default\">\n\t\t\t\t\t<div class=\"elementor-column elementor-col-50 elementor-top-column elementor-element elementor-element-2e356bb\" data-id=\"2e356bb\" data-element_type=\"column\">\n\t\t\t<div class=\"elementor-widget-wrap elementor-element-populated\">\n\t\t\t\t\t\t<div class=\"elementor-element elementor-element-b7af79c elementor-widget elementor-widget-heading\" data-id=\"b7af79c\" data-element_type=\"widget\" data-widget_type=\"heading.default\">\n\t\t\t\t<div class=\"elementor-widget-container\">\n\t\t\t\t\t<h2 class=\"elementor-heading-title elementor-size-default\">Arany J\u00e1nos Hungarian School<\/h2>\t\t\t\t<\/div>\n\t\t\t\t<\/div>\n\t\t\t\t<div class=\"elementor-element elementor-element-f65291d elementor-widget elementor-widget-text-editor\" data-id=\"f65291d\" data-element_type=\"widget\" data-widget_type=\"text-editor.default\">\n\t\t\t\t<div class=\"elementor-widget-container\">\n\t\t\t\t\t\t\t\t\t<div id=\"comp-jpui4nam\" class=\"_1Q9if _3bcaz\" data-testid=\"richTextElement\"><p class=\"font_7\"><span class=\"color_22\">Established in 1975, the weekend school has been in operation every September to mid-June\nfrom 9:30 till 1:00 p.m. We accept and welcome registrants not only from first to eighth grade\nbut pre-school children from 3 years of age and up. Since January 2018 we have added classes,\nnamed Cir\u00f3gat\u00f3, for the youngest students, the babies (with mothers).<\/span><\/p><p class=\"font_7\"><span style=\"font-size: inherit;\">The trained primary to intermediate teachers cover subjects such as reading, writing, Hungarian literature, history, geography and physics in the classes. Of course, our students acquire an education about folk-games, -customs, -tales and -songs as well. <\/span><span style=\"font-size: inherit;\">In addition to education, the school organizes a number of programs for the students, such as the Christmas celebration, the Carnival afternoon, Easter celebrations, the Poem Recital Competition and the closing ceremony. The aim of the Hungarian school is to promote good relations between children and parents, to understand each other, and to familiarize Hungarian children growing up in Canada with our traditions and values. In this way will they become self-aware young men and woment, <\/span><span style=\"font-size: inherit;\">proud of their origins, with a desire in preserving their Hungarian identity.<\/span><\/p><\/div>\t\t\t\t\t\t\t\t<\/div>\n\t\t\t\t<\/div>\n\t\t\t\t\t<\/div>\n\t\t<\/div>\n\t\t\t\t<div class=\"elementor-column elementor-col-50 elementor-top-column elementor-element elementor-element-db53e1e\" data-id=\"db53e1e\" data-element_type=\"column\">\n\t\t\t<div class=\"elementor-widget-wrap elementor-element-populated\">\n\t\t\t\t\t\t<div class=\"elementor-element elementor-element-c23bee9 elementor-widget elementor-widget-image\" data-id=\"c23bee9\" data-element_type=\"widget\" data-widget_type=\"image.default\">\n\t\t\t\t<div class=\"elementor-widget-container\">\n\t\t\t\t\t\t\t\t\t\t\t\t\t\t\t<img fetchpriority=\"high\" decoding=\"async\" width=\"900\" height=\"600\" src=\"https:\/\/hccc.org\/wp-content\/uploads\/2022\/11\/elet-az-iskolaban-5.jpg\" class=\"attachment-large size-large wp-image-153\" alt=\"\" srcset=\"https:\/\/hccc.org\/wp-content\/uploads\/2022\/11\/elet-az-iskolaban-5.jpg 1024w, https:\/\/hccc.org\/wp-content\/uploads\/2022\/11\/elet-az-iskolaban-5-300x200.jpg 300w, https:\/\/hccc.org\/wp-content\/uploads\/2022\/11\/elet-az-iskolaban-5-768x512.jpg 768w, https:\/\/hccc.org\/wp-content\/uploads\/2022\/11\/elet-az-iskolaban-5-391x260.jpg 391w\" sizes=\"(max-width: 900px) 100vw, 900px\" \/>\t\t\t\t\t\t\t\t\t\t\t\t\t\t\t<\/div>\n\t\t\t\t<\/div>\n\t\t\t\t\t<\/div>\n\t\t<\/div>\n\t\t\t\t\t<\/div>\n\t\t<\/section>\n\t\t\t\t<section class=\"elementor-section elementor-top-section elementor-element elementor-element-de1fa4c elementor-reverse-tablet elementor-reverse-mobile elementor-section-boxed elementor-section-height-default elementor-section-height-default\" data-id=\"de1fa4c\" data-element_type=\"section\" data-settings=\"{&quot;background_background&quot;:&quot;classic&quot;}\">\n\t\t\t\t\t\t<div class=\"elementor-container elementor-column-gap-default\">\n\t\t\t\t\t<div class=\"elementor-column elementor-col-50 elementor-top-column elementor-element elementor-element-3214943 elementor-hidden-tablet elementor-hidden-mobile\" data-id=\"3214943\" data-element_type=\"column\">\n\t\t\t<div class=\"elementor-widget-wrap elementor-element-populated\">\n\t\t\t\t\t\t<div class=\"elementor-element elementor-element-1cf0854 elementor-widget elementor-widget-image\" data-id=\"1cf0854\" data-element_type=\"widget\" data-widget_type=\"image.default\">\n\t\t\t\t<div class=\"elementor-widget-container\">\n\t\t\t\t\t\t\t\t\t\t\t\t\t\t\t<img decoding=\"async\" width=\"758\" height=\"1024\" src=\"https:\/\/hccc.org\/wp-content\/uploads\/2022\/11\/magyar-kozosseg-kanada-758x1024.jpg\" class=\"attachment-large size-large wp-image-74\" alt=\"\" srcset=\"https:\/\/hccc.org\/wp-content\/uploads\/2022\/11\/magyar-kozosseg-kanada-758x1024.jpg 758w, https:\/\/hccc.org\/wp-content\/uploads\/2022\/11\/magyar-kozosseg-kanada-222x300.jpg 222w, https:\/\/hccc.org\/wp-content\/uploads\/2022\/11\/magyar-kozosseg-kanada-768x1038.jpg 768w, https:\/\/hccc.org\/wp-content\/uploads\/2022\/11\/magyar-kozosseg-kanada.jpg 800w\" sizes=\"(max-width: 758px) 100vw, 758px\" \/>\t\t\t\t\t\t\t\t\t\t\t\t\t\t\t<\/div>\n\t\t\t\t<\/div>\n\t\t\t\t\t<\/div>\n\t\t<\/div>\n\t\t\t\t<div class=\"elementor-column elementor-col-50 elementor-top-column elementor-element elementor-element-b265fd5\" data-id=\"b265fd5\" data-element_type=\"column\" data-settings=\"{&quot;background_background&quot;:&quot;classic&quot;}\">\n\t\t\t<div class=\"elementor-widget-wrap elementor-element-populated\">\n\t\t\t\t\t\t<div class=\"elementor-element elementor-element-30f9c0c elementor-widget elementor-widget-heading\" data-id=\"30f9c0c\" data-element_type=\"widget\" data-widget_type=\"heading.default\">\n\t\t\t\t<div class=\"elementor-widget-container\">\n\t\t\t\t\t<h2 class=\"elementor-heading-title elementor-size-default\">The HCCC Library<\/h2>\t\t\t\t<\/div>\n\t\t\t\t<\/div>\n\t\t\t\t<div class=\"elementor-element elementor-element-e4a40e4 elementor-widget elementor-widget-text-editor\" data-id=\"e4a40e4\" data-element_type=\"widget\" data-widget_type=\"text-editor.default\">\n\t\t\t\t<div class=\"elementor-widget-container\">\n\t\t\t\t\t\t\t\t\t<div id=\"comp-jpuijc9f\" class=\"_1Q9if _3bcaz\" data-testid=\"richTextElement\"><span style=\"font-size: inherit;\">Currently closed due to COVID-19 retrictions.\n\nFor several years after the closure of the old Hungarian House, the Toronto Hungarian community did not have a suitable location which could have replaced the old library. Following the opening of the new Hungarian House in 2015, a library was set up next to the hall in anticipation for our Hungarian books to fill the shelves. The Library's Board of Trustees and the librarian started the grouping of topics and genres with the help of two K\u0151r\u00f6si Csoma scholars in 2015-2016. In the autumn of 2017, Erika Kacs\u00f3, the library's curator, Mariann Cset\u0151, the librarian and Csilla Papp a K\u0151r\u00f6si Csoma scholar, completed the work. By November, all the books in the 6000-copy library were placed on the shelves. It was announced at the November 19 th Membership Luncheon that the Library has opened for the reading public.<\/span><\/div><div data-testid=\"richTextElement\">\u00a0<\/div><div class=\"_1Q9if _3bcaz\" data-testid=\"richTextElement\"><span style=\"font-size: inherit;\">Currently, the library is still under online cataloging, which means a considerable amount of work until the library is finalized. During the online systematization it is still possible for HCCC members to read a book during the opening hours or even to take out a book from the library. Opening hours are currently two days a week. Those interested can read or take out a book on Thursday afternoons and Saturday mornings. For members of the Hungarian House, the library can be visited and books borrowed free of charge, while non-HCCC members have a $ 30 annual membership fee. With a library card you can borrow a book for three weeks. This can be extended.<\/span><\/div><div data-testid=\"richTextElement\">\u00a0<\/div><div class=\"_1Q9if _3bcaz\" data-testid=\"richTextElement\"><span style=\"font-size: inherit;\">The library's content focuses on the classics of fiction, within which one can find epic, lira, or drama. In addition one can find in it the basic books of historiography, literary history, ethnography, religion, and art history. We paid special attention to the collection of emigration literature and we made room for books dealing with Hungary but written in English. Journals and yearbooks also enrich the repertoire. In addition, we were watchful that children should find interesting reading in the Children's and Youth Literature section. We place importance in providing room on our shelves for books that are modern editions presently in the motherland so that for instance Hungarian-Canadians who appreciate gourmet foods  can browse our cookbooks, while sports-lovers can find the most famous books of Hungarian football and sports history. The most valuable books, which are not available for borrowing, can only be read with access to the display cabinets.<\/span><\/div>\t\t\t\t\t\t\t\t<\/div>\n\t\t\t\t<\/div>\n\t\t\t\t\t<\/div>\n\t\t<\/div>\n\t\t\t\t\t<\/div>\n\t\t<\/section>\n\t\t\t\t<section class=\"elementor-section elementor-top-section elementor-element elementor-element-5a4364e elementor-reverse-tablet elementor-reverse-mobile elementor-section-boxed elementor-section-height-default elementor-section-height-default\" data-id=\"5a4364e\" data-element_type=\"section\">\n\t\t\t\t\t\t<div class=\"elementor-container elementor-column-gap-default\">\n\t\t\t\t\t<div class=\"elementor-column elementor-col-50 elementor-top-column elementor-element elementor-element-ba26d9d\" data-id=\"ba26d9d\" data-element_type=\"column\">\n\t\t\t<div class=\"elementor-widget-wrap elementor-element-populated\">\n\t\t\t\t\t\t<div class=\"elementor-element elementor-element-71806e7 elementor-widget elementor-widget-heading\" data-id=\"71806e7\" data-element_type=\"widget\" data-widget_type=\"heading.default\">\n\t\t\t\t<div class=\"elementor-widget-container\">\n\t\t\t\t\t<h2 class=\"elementor-heading-title elementor-size-default\">Hangyaboly Theatre Company<\/h2>\t\t\t\t<\/div>\n\t\t\t\t<\/div>\n\t\t\t\t<div class=\"elementor-element elementor-element-153d56f elementor-widget elementor-widget-text-editor\" data-id=\"153d56f\" data-element_type=\"widget\" data-widget_type=\"text-editor.default\">\n\t\t\t\t<div class=\"elementor-widget-container\">\n\t\t\t\t\t\t\t\t\t<p>The Ants in the Hat Hungarian Drama Group of Toronto is a niche initiative. The goal was to create a theatre where not only the audience, but also the actors could learn something new while playing and having fun. We want to teach first and entertain second. That's why we will\/were designed to stage plays that not only make you laugh, cry and worry, but also teach you something new.<br \/>As an amateur theatre, all our members are amateurs, but they are all very talented women, men and children who want to play with heart and soul. <br \/>Pieces so far:<\/p>\t\t\t\t\t\t\t\t<\/div>\n\t\t\t\t<\/div>\n\t\t\t\t<div class=\"elementor-element elementor-element-a397079 elementor-icon-list--layout-traditional elementor-list-item-link-full_width elementor-widget elementor-widget-icon-list\" data-id=\"a397079\" data-element_type=\"widget\" data-widget_type=\"icon-list.default\">\n\t\t\t\t<div class=\"elementor-widget-container\">\n\t\t\t\t\t\t\t<ul class=\"elementor-icon-list-items\">\n\t\t\t\t\t\t\t<li class=\"elementor-icon-list-item\">\n\t\t\t\t\t\t\t\t\t\t\t<span class=\"elementor-icon-list-icon\">\n\t\t\t\t\t\t\t<i aria-hidden=\"true\" class=\"fas fa-theater-masks\"><\/i>\t\t\t\t\t\t<\/span>\n\t\t\t\t\t\t\t\t\t\t<span class=\"elementor-icon-list-text\">Anthill - Margit Kafka<\/span>\n\t\t\t\t\t\t\t\t\t<\/li>\n\t\t\t\t\t\t\t\t<li class=\"elementor-icon-list-item\">\n\t\t\t\t\t\t\t\t\t\t\t<span class=\"elementor-icon-list-icon\">\n\t\t\t\t\t\t\t<i aria-hidden=\"true\" class=\"fas fa-theater-masks\"><\/i>\t\t\t\t\t\t<\/span>\n\t\t\t\t\t\t\t\t\t\t<span class=\"elementor-icon-list-text\">The candles are burning short - S\u00e1ndor M\u00e1rai<\/span>\n\t\t\t\t\t\t\t\t\t<\/li>\n\t\t\t\t\t\t\t\t<li class=\"elementor-icon-list-item\">\n\t\t\t\t\t\t\t\t\t\t\t<span class=\"elementor-icon-list-icon\">\n\t\t\t\t\t\t\t<i aria-hidden=\"true\" class=\"fas fa-theater-masks\"><\/i>\t\t\t\t\t\t<\/span>\n\t\t\t\t\t\t\t\t\t\t<span class=\"elementor-icon-list-text\">T\u00f3t\u00e9k - Istv\u00e1n \u00d6rk\u00e9ny<\/span>\n\t\t\t\t\t\t\t\t\t<\/li>\n\t\t\t\t\t\t<\/ul>\n\t\t\t\t\t\t<\/div>\n\t\t\t\t<\/div>\n\t\t\t\t\t<\/div>\n\t\t<\/div>\n\t\t\t\t<div class=\"elementor-column elementor-col-50 elementor-top-column elementor-element elementor-element-88ddc22\" data-id=\"88ddc22\" data-element_type=\"column\">\n\t\t\t<div class=\"elementor-widget-wrap elementor-element-populated\">\n\t\t\t\t\t\t<div class=\"elementor-element elementor-element-8163524 elementor-widget elementor-widget-image\" data-id=\"8163524\" data-element_type=\"widget\" data-widget_type=\"image.default\">\n\t\t\t\t<div class=\"elementor-widget-container\">\n\t\t\t\t\t\t\t\t\t\t\t\t\t\t\t<img decoding=\"async\" width=\"800\" height=\"546\" src=\"https:\/\/hccc.org\/wp-content\/uploads\/2022\/12\/hangyaboly-tarsulat.jpg\" class=\"attachment-large size-large wp-image-361\" alt=\"\" srcset=\"https:\/\/hccc.org\/wp-content\/uploads\/2022\/12\/hangyaboly-tarsulat.jpg 800w, https:\/\/hccc.org\/wp-content\/uploads\/2022\/12\/hangyaboly-tarsulat-300x205.jpg 300w, https:\/\/hccc.org\/wp-content\/uploads\/2022\/12\/hangyaboly-tarsulat-768x524.jpg 768w, https:\/\/hccc.org\/wp-content\/uploads\/2022\/12\/hangyaboly-tarsulat-474x324.jpg 474w, https:\/\/hccc.org\/wp-content\/uploads\/2022\/12\/hangyaboly-tarsulat-18x12.jpg 18w\" sizes=\"(max-width: 800px) 100vw, 800px\" \/>\t\t\t\t\t\t\t\t\t\t\t\t\t\t\t<\/div>\n\t\t\t\t<\/div>\n\t\t\t\t\t<\/div>\n\t\t<\/div>\n\t\t\t\t\t<\/div>\n\t\t<\/section>\n\t\t\t\t<section class=\"elementor-section elementor-top-section elementor-element elementor-element-04173d2 elementor-section-boxed elementor-section-height-default elementor-section-height-default\" data-id=\"04173d2\" data-element_type=\"section\">\n\t\t\t\t\t\t<div class=\"elementor-container elementor-column-gap-default\">\n\t\t\t\t\t<div class=\"elementor-column elementor-col-100 elementor-top-column elementor-element elementor-element-ac8d119\" data-id=\"ac8d119\" data-element_type=\"column\">\n\t\t\t<div class=\"elementor-widget-wrap elementor-element-populated\">\n\t\t\t\t\t\t<div class=\"elementor-element elementor-element-904f016 elementor-widget elementor-widget-gallery\" data-id=\"904f016\" data-element_type=\"widget\" data-settings=\"{&quot;gallery_layout&quot;:&quot;justified&quot;,&quot;ideal_row_height&quot;:{&quot;unit&quot;:&quot;px&quot;,&quot;size&quot;:440,&quot;sizes&quot;:[]},&quot;gap&quot;:{&quot;unit&quot;:&quot;px&quot;,&quot;size&quot;:2,&quot;sizes&quot;:[]},&quot;ideal_row_height_tablet&quot;:{&quot;unit&quot;:&quot;px&quot;,&quot;size&quot;:215,&quot;sizes&quot;:[]},&quot;ideal_row_height_mobile&quot;:{&quot;unit&quot;:&quot;px&quot;,&quot;size&quot;:225,&quot;sizes&quot;:[]},&quot;gap_tablet&quot;:{&quot;unit&quot;:&quot;px&quot;,&quot;size&quot;:2,&quot;sizes&quot;:[]},&quot;gap_mobile&quot;:{&quot;unit&quot;:&quot;px&quot;,&quot;size&quot;:2,&quot;sizes&quot;:[]},&quot;lazyload&quot;:&quot;yes&quot;,&quot;link_to&quot;:&quot;file&quot;,&quot;overlay_background&quot;:&quot;yes&quot;,&quot;content_hover_animation&quot;:&quot;fade-in&quot;}\" data-widget_type=\"gallery.default\">\n\t\t\t\t<div class=\"elementor-widget-container\">\n\t\t\t\t\t\t\t<div class=\"elementor-gallery__container\">\n\t\t\t\t\t\t\t<a class=\"e-gallery-item elementor-gallery-item elementor-animated-content\" href=\"https:\/\/hccc.org\/wp-content\/uploads\/2022\/12\/hangyaboly-1.jpg\" data-elementor-open-lightbox=\"yes\" data-elementor-lightbox-slideshow=\"904f016\" data-e-action-hash=\"#elementor-action%3Aaction%3Dlightbox%26settings%3DeyJpZCI6MzY2LCJ1cmwiOiJodHRwczpcL1wvaGNjYy5vcmdcL3dwLWNvbnRlbnRcL3VwbG9hZHNcLzIwMjJcLzEyXC9oYW5neWFib2x5LTEuanBnIiwic2xpZGVzaG93IjoiOTA0ZjAxNiJ9\">\n\t\t\t\t\t<div class=\"e-gallery-image elementor-gallery-item__image\" data-thumbnail=\"https:\/\/hccc.org\/wp-content\/uploads\/2022\/12\/hangyaboly-1.jpg\" data-width=\"805\" data-height=\"587\" aria-label=\"\" role=\"img\" ><\/div>\n\t\t\t\t\t\t\t\t\t\t\t<div class=\"elementor-gallery-item__overlay\"><\/div>\n\t\t\t\t\t\t\t\t\t\t\t\t\t\t<\/a>\n\t\t\t\t\t\t\t<a class=\"e-gallery-item elementor-gallery-item elementor-animated-content\" href=\"https:\/\/hccc.org\/wp-content\/uploads\/2022\/12\/hangyaboly-2.jpg\" data-elementor-open-lightbox=\"yes\" data-elementor-lightbox-slideshow=\"904f016\" data-e-action-hash=\"#elementor-action%3Aaction%3Dlightbox%26settings%3DeyJpZCI6MzY1LCJ1cmwiOiJodHRwczpcL1wvaGNjYy5vcmdcL3dwLWNvbnRlbnRcL3VwbG9hZHNcLzIwMjJcLzEyXC9oYW5neWFib2x5LTIuanBnIiwic2xpZGVzaG93IjoiOTA0ZjAxNiJ9\">\n\t\t\t\t\t<div class=\"e-gallery-image elementor-gallery-item__image\" data-thumbnail=\"https:\/\/hccc.org\/wp-content\/uploads\/2022\/12\/hangyaboly-2.jpg\" data-width=\"1122\" data-height=\"698\" aria-label=\"\" role=\"img\" ><\/div>\n\t\t\t\t\t\t\t\t\t\t\t<div class=\"elementor-gallery-item__overlay\"><\/div>\n\t\t\t\t\t\t\t\t\t\t\t\t\t\t<\/a>\n\t\t\t\t\t\t\t<a class=\"e-gallery-item elementor-gallery-item elementor-animated-content\" href=\"https:\/\/hccc.org\/wp-content\/uploads\/2022\/12\/a-gyertyak-csonkig-egnek.png\" data-elementor-open-lightbox=\"yes\" data-elementor-lightbox-slideshow=\"904f016\" data-e-action-hash=\"#elementor-action%3Aaction%3Dlightbox%26settings%3DeyJpZCI6MzYyLCJ1cmwiOiJodHRwczpcL1wvaGNjYy5vcmdcL3dwLWNvbnRlbnRcL3VwbG9hZHNcLzIwMjJcLzEyXC9hLWd5ZXJ0eWFrLWNzb25raWctZWduZWsucG5nIiwic2xpZGVzaG93IjoiOTA0ZjAxNiJ9\">\n\t\t\t\t\t<div class=\"e-gallery-image elementor-gallery-item__image\" data-thumbnail=\"https:\/\/hccc.org\/wp-content\/uploads\/2022\/12\/a-gyertyak-csonkig-egnek.png\" data-width=\"827\" data-height=\"1274\" aria-label=\"\" role=\"img\" ><\/div>\n\t\t\t\t\t\t\t\t\t\t\t<div class=\"elementor-gallery-item__overlay\"><\/div>\n\t\t\t\t\t\t\t\t\t\t\t\t\t\t<\/a>\n\t\t\t\t\t\t\t<a class=\"e-gallery-item elementor-gallery-item elementor-animated-content\" href=\"https:\/\/hccc.org\/wp-content\/uploads\/2022\/12\/hangyaboly-3.jpg\" data-elementor-open-lightbox=\"yes\" data-elementor-lightbox-slideshow=\"904f016\" data-e-action-hash=\"#elementor-action%3Aaction%3Dlightbox%26settings%3DeyJpZCI6MzY0LCJ1cmwiOiJodHRwczpcL1wvaGNjYy5vcmdcL3dwLWNvbnRlbnRcL3VwbG9hZHNcLzIwMjJcLzEyXC9oYW5neWFib2x5LTMuanBnIiwic2xpZGVzaG93IjoiOTA0ZjAxNiJ9\">\n\t\t\t\t\t<div class=\"e-gallery-image elementor-gallery-item__image\" data-thumbnail=\"https:\/\/hccc.org\/wp-content\/uploads\/2022\/12\/hangyaboly-3.jpg\" data-width=\"1034\" data-height=\"770\" aria-label=\"\" role=\"img\" ><\/div>\n\t\t\t\t\t\t\t\t\t\t\t<div class=\"elementor-gallery-item__overlay\"><\/div>\n\t\t\t\t\t\t\t\t\t\t\t\t\t\t<\/a>\n\t\t\t\t\t\t\t<a class=\"e-gallery-item elementor-gallery-item elementor-animated-content\" href=\"https:\/\/hccc.org\/wp-content\/uploads\/2022\/12\/hangyaboly-4.jpg\" data-elementor-open-lightbox=\"yes\" data-elementor-lightbox-slideshow=\"904f016\" data-e-action-hash=\"#elementor-action%3Aaction%3Dlightbox%26settings%3DeyJpZCI6MzYzLCJ1cmwiOiJodHRwczpcL1wvaGNjYy5vcmdcL3dwLWNvbnRlbnRcL3VwbG9hZHNcLzIwMjJcLzEyXC9oYW5neWFib2x5LTQuanBnIiwic2xpZGVzaG93IjoiOTA0ZjAxNiJ9\">\n\t\t\t\t\t<div class=\"e-gallery-image elementor-gallery-item__image\" data-thumbnail=\"https:\/\/hccc.org\/wp-content\/uploads\/2022\/12\/hangyaboly-4.jpg\" data-width=\"840\" data-height=\"740\" aria-label=\"\" role=\"img\" ><\/div>\n\t\t\t\t\t\t\t\t\t\t\t<div class=\"elementor-gallery-item__overlay\"><\/div>\n\t\t\t\t\t\t\t\t\t\t\t\t\t\t<\/a>\n\t\t\t\t\t<\/div>\n\t\t\t\t\t<\/div>\n\t\t\t\t<\/div>\n\t\t\t\t\t<\/div>\n\t\t<\/div>\n\t\t\t\t\t<\/div>\n\t\t<\/section>\n\t\t\t\t<\/div>","protected":false},"excerpt":{"rendered":"<p>OUR ORGANISATIONS Arany J\u00e1nos Hungarian School The weekend school, which has been running since 1975, welcomes enrolled students from the first to the eighth grade and kindergarten children from 3 years old every Saturday from half past 10 until 1 pm from September to mid-June. For the youngest children, a baby-momma session called Cirogato has been offered since January 2018. Trained teachers and tutors teach writing, reading, Hungarian literature, ... <a title=\"Our organisations\" class=\"read-more\" href=\"https:\/\/hccc.org\/en\/our-organisations\/\" aria-label=\"Read more about Our organisations\">Read more<\/a><\/p>","protected":false},"author":1,"featured_media":0,"parent":0,"menu_order":0,"comment_status":"closed","ping_status":"closed","template":"elementor_header_footer","meta":{"footnotes":""},"class_list":["post-27","page","type-page","status-publish"],"_links":{"self":[{"href":"https:\/\/hccc.org\/en\/wp-json\/wp\/v2\/pages\/27","targetHints":{"allow":["GET"]}}],"collection":[{"href":"https:\/\/hccc.org\/en\/wp-json\/wp\/v2\/pages"}],"about":[{"href":"https:\/\/hccc.org\/en\/wp-json\/wp\/v2\/types\/page"}],"author":[{"embeddable":true,"href":"https:\/\/hccc.org\/en\/wp-json\/wp\/v2\/users\/1"}],"replies":[{"embeddable":true,"href":"https:\/\/hccc.org\/en\/wp-json\/wp\/v2\/comments?post=27"}],"version-history":[{"count":3,"href":"https:\/\/hccc.org\/en\/wp-json\/wp\/v2\/pages\/27\/revisions"}],"predecessor-version":[{"id":710,"href":"https:\/\/hccc.org\/en\/wp-json\/wp\/v2\/pages\/27\/revisions\/710"}],"wp:attachment":[{"href":"https:\/\/hccc.org\/en\/wp-json\/wp\/v2\/media?parent=27"}],"curies":[{"name":"wp","href":"https:\/\/api.w.org\/{rel}","templated":true}]}}